{"id":93,"date":"2026-02-10T19:40:11","date_gmt":"2026-02-10T22:40:11","guid":{"rendered":"https:\/\/energysaver.com.ar\/home\/?post_type=product&#038;p=93"},"modified":"2026-03-26T14:14:13","modified_gmt":"2026-03-26T17:14:13","slug":"fso40h-15","status":"publish","type":"product","link":"https:\/\/energysaver.com.ar\/home\/shop\/fso40h-15\/","title":{"rendered":"Fuente Switching 15V 2,7A 40W Industrial Sin Gabinete"},"content":{"rendered":"<p>La fuente switching Energy Saver FSO40H-15, con salida de 15V 2,7A 40W, ha sido desarrollada para integraci\u00f3n en equipos, automatizaci\u00f3n, instrumentaci\u00f3n, bancos de ensayo, tableros y desarrollos especiales. Se trata de una fuente de alimentaci\u00f3n conmutada de fabricaci\u00f3n propia, perteneciente a nuestra l\u00ednea industrial de alta gama, dise\u00f1ada para alta exigencia operativa y uso permanente.<\/p>\n<p>El modelo FSO40H 15 se presenta en versi\u00f3n sin gabinete, una configuraci\u00f3n apropiada para integraciones a medida dentro de equipos y desarrollos especiales. Est\u00e1 dise\u00f1ado para trabajo continuo 24\/7 a la m\u00e1xima potencia especificada, con larga duraci\u00f3n, buena vida \u00fatil y funcionamiento confiable en servicio permanente.<\/p>\n","protected":false},"excerpt":{"rendered":"<p>Fuente Switching 15V 2,7A 40W Industrial Sin Gabinete<\/p>\n","protected":false},"featured_media":775,"template":"","meta":[],"product_brand":[27],"product_cat":[30,17,21],"product_tag":[],"familia":[424],"combinaciones_multiples":[],"class_list":{"0":"post-93","1":"product","2":"type-product","3":"status-publish","4":"has-post-thumbnail","6":"product_brand-energy-saver","7":"product_cat-fuentes-15v","8":"product_cat-fuentes-switching-ac-dc","9":"product_cat-tension-de-salida","10":"product_shipping_class-correo-argentino","11":"familia-fso40h","13":"first","14":"onbackorder","15":"taxable","16":"shipping-taxable","17":"purchasable","18":"product-type-simple"},"ct_brands":[{"id":27,"name":"Energy Saver","slug":"energy-saver"}],"_links":{"self":[{"href":"https:\/\/energysaver.com.ar\/home\/wp-json\/wp\/v2\/product\/93","targetHints":{"allow":["GET"]}}],"collection":[{"href":"https:\/\/energysaver.com.ar\/home\/wp-json\/wp\/v2\/product"}],"about":[{"href":"https:\/\/energysaver.com.ar\/home\/wp-json\/wp\/v2\/types\/product"}],"wp:featuredmedia":[{"embeddable":true,"href":"https:\/\/energysaver.com.ar\/home\/wp-json\/wp\/v2\/media\/775"}],"wp:attachment":[{"href":"https:\/\/energysaver.com.ar\/home\/wp-json\/wp\/v2\/media?parent=93"}],"wp:term":[{"taxonomy":"product_brand","embeddable":true,"href":"https:\/\/energysaver.com.ar\/home\/wp-json\/wp\/v2\/product_brand?post=93"},{"taxonomy":"product_cat","embeddable":true,"href":"https:\/\/energysaver.com.ar\/home\/wp-json\/wp\/v2\/product_cat?post=93"},{"taxonomy":"product_tag","embeddable":true,"href":"https:\/\/energysaver.com.ar\/home\/wp-json\/wp\/v2\/product_tag?post=93"},{"taxonomy":"familia","embeddable":true,"href":"https:\/\/energysaver.com.ar\/home\/wp-json\/wp\/v2\/familia?post=93"},{"taxonomy":"combinaciones_multiples","embeddable":true,"href":"https:\/\/energysaver.com.ar\/home\/wp-json\/wp\/v2\/combinaciones_multiples?post=93"}],"curies":[{"name":"wp","href":"https:\/\/api.w.org\/{rel}","templated":true}]}}