{"id":449,"date":"2026-02-10T19:42:45","date_gmt":"2026-02-10T22:42:45","guid":{"rendered":"https:\/\/energysaver.com.ar\/home\/?post_type=product&#038;p=449"},"modified":"2026-03-23T16:52:44","modified_gmt":"2026-03-23T19:52:44","slug":"fsa15h-5vusb","status":"publish","type":"product","link":"https:\/\/energysaver.com.ar\/home\/shop\/fsa15h-5vusb\/","title":{"rendered":"Fuente Switching 5V 2A 10W Industrial Gabinete Plastico Adaptador"},"content":{"rendered":"<p>La fuente switching Energy Saver FSA15H-5VUSB, con salida de 5V 2A 10W, ha sido desarrollada para equipos electr\u00f3nicos, instrumental, dispositivos compactos, automatizaci\u00f3n liviana y otras aplicaciones t\u00e9cnicas. Se trata de una fuente de alimentaci\u00f3n conmutada de fabricaci\u00f3n propia, perteneciente a nuestra l\u00ednea industrial de alta gama, dise\u00f1ada para alta exigencia operativa y uso permanente.<\/p>\n<p>El modelo FSA15H 5VUSB cuenta con gabinete pl\u00e1stico adaptador, pensado para aplicaciones donde se valora una soluci\u00f3n compacta, prolija y confiable. Su dise\u00f1o est\u00e1 orientado a trabajo continuo 24\/7 a la m\u00e1xima potencia especificada, ofreciendo larga duraci\u00f3n, buena vida \u00fatil y estabilidad en servicio permanente.<\/p>\n","protected":false},"excerpt":{"rendered":"<p>Fuente Switching 5V 2A 10W Industrial Gabinete Plastico Adaptador<\/p>\n","protected":false},"featured_media":763,"template":"","meta":[],"product_brand":[27],"product_cat":[50,17,21],"product_tag":[],"familia":[],"combinaciones_multiples":[],"class_list":{"0":"post-449","1":"product","2":"type-product","3":"status-publish","4":"has-post-thumbnail","6":"product_brand-energy-saver","7":"product_cat-fuentes-5v","8":"product_cat-fuentes-switching-ac-dc","9":"product_cat-tension-de-salida","10":"product_shipping_class-correo-argentino","12":"first","13":"onbackorder","14":"taxable","15":"shipping-taxable","16":"product-type-simple"},"ct_brands":[{"id":27,"name":"Energy Saver","slug":"energy-saver"}],"_links":{"self":[{"href":"https:\/\/energysaver.com.ar\/home\/wp-json\/wp\/v2\/product\/449","targetHints":{"allow":["GET"]}}],"collection":[{"href":"https:\/\/energysaver.com.ar\/home\/wp-json\/wp\/v2\/product"}],"about":[{"href":"https:\/\/energysaver.com.ar\/home\/wp-json\/wp\/v2\/types\/product"}],"wp:featuredmedia":[{"embeddable":true,"href":"https:\/\/energysaver.com.ar\/home\/wp-json\/wp\/v2\/media\/763"}],"wp:attachment":[{"href":"https:\/\/energysaver.com.ar\/home\/wp-json\/wp\/v2\/media?parent=449"}],"wp:term":[{"taxonomy":"product_brand","embeddable":true,"href":"https:\/\/energysaver.com.ar\/home\/wp-json\/wp\/v2\/product_brand?post=449"},{"taxonomy":"product_cat","embeddable":true,"href":"https:\/\/energysaver.com.ar\/home\/wp-json\/wp\/v2\/product_cat?post=449"},{"taxonomy":"product_tag","embeddable":true,"href":"https:\/\/energysaver.com.ar\/home\/wp-json\/wp\/v2\/product_tag?post=449"},{"taxonomy":"familia","embeddable":true,"href":"https:\/\/energysaver.com.ar\/home\/wp-json\/wp\/v2\/familia?post=449"},{"taxonomy":"combinaciones_multiples","embeddable":true,"href":"https:\/\/energysaver.com.ar\/home\/wp-json\/wp\/v2\/combinaciones_multiples?post=449"}],"curies":[{"name":"wp","href":"https:\/\/api.w.org\/{rel}","templated":true}]}}