{"id":419,"date":"2026-02-10T19:42:31","date_gmt":"2026-02-10T22:42:31","guid":{"rendered":"https:\/\/energysaver.com.ar\/home\/?post_type=product&#038;p=419"},"modified":"2026-03-23T16:52:40","modified_gmt":"2026-03-23T19:52:40","slug":"fsm250hx-30","status":"publish","type":"product","link":"https:\/\/energysaver.com.ar\/home\/shop\/fsm250hx-30\/","title":{"rendered":"Fuente Switching 30V 8,4A 250W Industrial Gabinete Metalico Modular"},"content":{"rendered":"<p>Fuente de alimentaci\u00f3n conmutada Energy Saver FSM250HX-30, con salida de 30V 8,4A 250W, desarrollada para automatizaci\u00f3n, tableros, equipamiento t\u00e9cnico, bancos de ensayo y aplicaciones industriales de alta exigencia. Esta fuente switching de fabricaci\u00f3n propia pertenece a nuestra l\u00ednea industrial de alta gama, pensada para aplicaciones de alta exigencia operativa y trabajo continuo.<\/p>\n<p>El modelo FSM250HX 30 se presenta en gabinete met\u00e1lico modular con ventilaci\u00f3n forzada, una soluci\u00f3n apropiada para equipos y montajes de mayor exigencia t\u00e9rmica. Est\u00e1 pensado para operar en forma continua 24\/7 a la m\u00e1xima potencia especificada, con larga duraci\u00f3n, buena vida \u00fatil y funcionamiento confiable en aplicaciones t\u00e9cnicas e industriales.<\/p>\n","protected":false},"excerpt":{"rendered":"<p>Fuente Switching 30V 8,4A 250W Industrial Gabinete Metalico Modular<\/p>\n","protected":false},"featured_media":792,"template":"","meta":[],"product_brand":[27],"product_cat":[28,17,21],"product_tag":[],"familia":[419],"combinaciones_multiples":[],"class_list":{"0":"post-419","1":"product","2":"type-product","3":"status-publish","4":"has-post-thumbnail","6":"product_brand-energy-saver","7":"product_cat-fuentes-30v","8":"product_cat-fuentes-switching-ac-dc","9":"product_cat-tension-de-salida","10":"product_shipping_class-correo-argentino","11":"familia-fsm250hx","13":"first","14":"onbackorder","15":"taxable","16":"shipping-taxable","17":"purchasable","18":"product-type-simple"},"ct_brands":[{"id":27,"name":"Energy Saver","slug":"energy-saver"}],"_links":{"self":[{"href":"https:\/\/energysaver.com.ar\/home\/wp-json\/wp\/v2\/product\/419","targetHints":{"allow":["GET"]}}],"collection":[{"href":"https:\/\/energysaver.com.ar\/home\/wp-json\/wp\/v2\/product"}],"about":[{"href":"https:\/\/energysaver.com.ar\/home\/wp-json\/wp\/v2\/types\/product"}],"wp:featuredmedia":[{"embeddable":true,"href":"https:\/\/energysaver.com.ar\/home\/wp-json\/wp\/v2\/media\/792"}],"wp:attachment":[{"href":"https:\/\/energysaver.com.ar\/home\/wp-json\/wp\/v2\/media?parent=419"}],"wp:term":[{"taxonomy":"product_brand","embeddable":true,"href":"https:\/\/energysaver.com.ar\/home\/wp-json\/wp\/v2\/product_brand?post=419"},{"taxonomy":"product_cat","embeddable":true,"href":"https:\/\/energysaver.com.ar\/home\/wp-json\/wp\/v2\/product_cat?post=419"},{"taxonomy":"product_tag","embeddable":true,"href":"https:\/\/energysaver.com.ar\/home\/wp-json\/wp\/v2\/product_tag?post=419"},{"taxonomy":"familia","embeddable":true,"href":"https:\/\/energysaver.com.ar\/home\/wp-json\/wp\/v2\/familia?post=419"},{"taxonomy":"combinaciones_multiples","embeddable":true,"href":"https:\/\/energysaver.com.ar\/home\/wp-json\/wp\/v2\/combinaciones_multiples?post=419"}],"curies":[{"name":"wp","href":"https:\/\/api.w.org\/{rel}","templated":true}]}}