{"id":418,"date":"2026-02-10T19:42:31","date_gmt":"2026-02-10T22:42:31","guid":{"rendered":"https:\/\/energysaver.com.ar\/home\/?post_type=product&#038;p=418"},"modified":"2026-03-23T16:52:40","modified_gmt":"2026-03-23T19:52:40","slug":"fsm250hx-24","status":"publish","type":"product","link":"https:\/\/energysaver.com.ar\/home\/shop\/fsm250hx-24\/","title":{"rendered":"Fuente Switching 24V 10,5A 250W Industrial Gabinete Metalico Modular"},"content":{"rendered":"<p>Fuente switching Energy Saver FSM250HX-24, con salida de 24V 10,5A 250W, desarrollada para automatizaci\u00f3n, tableros, equipamiento t\u00e9cnico, bancos de ensayo y aplicaciones industriales de alta exigencia. Como parte de nuestra l\u00ednea de fabricaci\u00f3n propia, esta fuente de alimentaci\u00f3n conmutada industrial de alta gama est\u00e1 pensada para servicio continuo y alta exigencia operativa.<\/p>\n<p>El modelo FSM250HX 24 cuenta con gabinete met\u00e1lico modular y ventilaci\u00f3n forzada, una configuraci\u00f3n adecuada para aplicaciones de mayor exigencia t\u00e9rmica y operativa. Su construcci\u00f3n robusta est\u00e1 orientada a trabajo continuo 24\/7 a la m\u00e1xima potencia especificada, ofreciendo larga duraci\u00f3n, buena vida \u00fatil y un desempe\u00f1o confiable en entornos t\u00e9cnicos e industriales.<\/p>\n","protected":false},"excerpt":{"rendered":"<p>Fuente Switching 24V 10,5A 250W Industrial Gabinete Metalico Modular<\/p>\n","protected":false},"featured_media":792,"template":"","meta":[],"product_brand":[27],"product_cat":[34,17,21],"product_tag":[],"familia":[419],"combinaciones_multiples":[],"class_list":{"0":"post-418","1":"product","2":"type-product","3":"status-publish","4":"has-post-thumbnail","6":"product_brand-energy-saver","7":"product_cat-fuentes-24v","8":"product_cat-fuentes-switching-ac-dc","9":"product_cat-tension-de-salida","10":"product_shipping_class-correo-argentino","11":"familia-fsm250hx","13":"first","14":"onbackorder","15":"taxable","16":"shipping-taxable","17":"purchasable","18":"product-type-simple"},"ct_brands":[{"id":27,"name":"Energy Saver","slug":"energy-saver"}],"_links":{"self":[{"href":"https:\/\/energysaver.com.ar\/home\/wp-json\/wp\/v2\/product\/418","targetHints":{"allow":["GET"]}}],"collection":[{"href":"https:\/\/energysaver.com.ar\/home\/wp-json\/wp\/v2\/product"}],"about":[{"href":"https:\/\/energysaver.com.ar\/home\/wp-json\/wp\/v2\/types\/product"}],"wp:featuredmedia":[{"embeddable":true,"href":"https:\/\/energysaver.com.ar\/home\/wp-json\/wp\/v2\/media\/792"}],"wp:attachment":[{"href":"https:\/\/energysaver.com.ar\/home\/wp-json\/wp\/v2\/media?parent=418"}],"wp:term":[{"taxonomy":"product_brand","embeddable":true,"href":"https:\/\/energysaver.com.ar\/home\/wp-json\/wp\/v2\/product_brand?post=418"},{"taxonomy":"product_cat","embeddable":true,"href":"https:\/\/energysaver.com.ar\/home\/wp-json\/wp\/v2\/product_cat?post=418"},{"taxonomy":"product_tag","embeddable":true,"href":"https:\/\/energysaver.com.ar\/home\/wp-json\/wp\/v2\/product_tag?post=418"},{"taxonomy":"familia","embeddable":true,"href":"https:\/\/energysaver.com.ar\/home\/wp-json\/wp\/v2\/familia?post=418"},{"taxonomy":"combinaciones_multiples","embeddable":true,"href":"https:\/\/energysaver.com.ar\/home\/wp-json\/wp\/v2\/combinaciones_multiples?post=418"}],"curies":[{"name":"wp","href":"https:\/\/api.w.org\/{rel}","templated":true}]}}