{"id":414,"date":"2026-02-10T19:42:31","date_gmt":"2026-02-10T22:42:31","guid":{"rendered":"https:\/\/energysaver.com.ar\/home\/?post_type=product&#038;p=414"},"modified":"2026-03-23T16:52:40","modified_gmt":"2026-03-23T19:52:40","slug":"fsm150hy-54","status":"publish","type":"product","link":"https:\/\/energysaver.com.ar\/home\/shop\/fsm150hy-54\/","title":{"rendered":"Fuente Switching 54V 2,78A 150W Industrial Gabinete Metalico Exterior IP67"},"content":{"rendered":"<p>La fuente switching Energy Saver FSM150HY-54, con salida de 54V 2,78A 150W, ha sido desarrollada para uso exterior, automatizaci\u00f3n, se\u00f1alizaci\u00f3n, transporte, ferrocarriles y aplicaciones industriales exigentes. Se trata de una fuente de alimentaci\u00f3n conmutada de fabricaci\u00f3n propia, perteneciente a nuestra l\u00ednea industrial de alta gama, dise\u00f1ada para alta exigencia operativa y uso permanente.<\/p>\n<p>El modelo FSM150HY 54 posee gabinete met\u00e1lico para uso exterior con protecci\u00f3n IP67 y se encuentra completamente relleno con resina epoxy, lo que conforma un bloque compacto de gran solidez mec\u00e1nica. Gracias a esta construcci\u00f3n, resulta apto para vibraciones, transporte y aplicaciones ferroviarias, manteniendo larga duraci\u00f3n, extensa vida \u00fatil y funcionamiento confiable en servicio continuo 24\/7 a la m\u00e1xima potencia especificada.<\/p>\n","protected":false},"excerpt":{"rendered":"<p>Fuente Switching 54V 2,8A 150W Industrial Gabinete Metalico Exterior IP67<\/p>\n","protected":false},"featured_media":783,"template":"","meta":[],"product_brand":[27],"product_cat":[42,17,21],"product_tag":[],"familia":[418],"combinaciones_multiples":[],"class_list":{"0":"post-414","1":"product","2":"type-product","3":"status-publish","4":"has-post-thumbnail","6":"product_brand-energy-saver","7":"product_cat-fuentes-54v","8":"product_cat-fuentes-switching-ac-dc","9":"product_cat-tension-de-salida","10":"product_shipping_class-correo-argentino","11":"familia-fsm150hy","13":"first","14":"onbackorder","15":"taxable","16":"shipping-taxable","17":"purchasable","18":"product-type-simple"},"ct_brands":[{"id":27,"name":"Energy Saver","slug":"energy-saver"}],"_links":{"self":[{"href":"https:\/\/energysaver.com.ar\/home\/wp-json\/wp\/v2\/product\/414","targetHints":{"allow":["GET"]}}],"collection":[{"href":"https:\/\/energysaver.com.ar\/home\/wp-json\/wp\/v2\/product"}],"about":[{"href":"https:\/\/energysaver.com.ar\/home\/wp-json\/wp\/v2\/types\/product"}],"wp:featuredmedia":[{"embeddable":true,"href":"https:\/\/energysaver.com.ar\/home\/wp-json\/wp\/v2\/media\/783"}],"wp:attachment":[{"href":"https:\/\/energysaver.com.ar\/home\/wp-json\/wp\/v2\/media?parent=414"}],"wp:term":[{"taxonomy":"product_brand","embeddable":true,"href":"https:\/\/energysaver.com.ar\/home\/wp-json\/wp\/v2\/product_brand?post=414"},{"taxonomy":"product_cat","embeddable":true,"href":"https:\/\/energysaver.com.ar\/home\/wp-json\/wp\/v2\/product_cat?post=414"},{"taxonomy":"product_tag","embeddable":true,"href":"https:\/\/energysaver.com.ar\/home\/wp-json\/wp\/v2\/product_tag?post=414"},{"taxonomy":"familia","embeddable":true,"href":"https:\/\/energysaver.com.ar\/home\/wp-json\/wp\/v2\/familia?post=414"},{"taxonomy":"combinaciones_multiples","embeddable":true,"href":"https:\/\/energysaver.com.ar\/home\/wp-json\/wp\/v2\/combinaciones_multiples?post=414"}],"curies":[{"name":"wp","href":"https:\/\/api.w.org\/{rel}","templated":true}]}}