{"id":409,"date":"2026-02-10T19:42:30","date_gmt":"2026-02-10T22:42:30","guid":{"rendered":"https:\/\/energysaver.com.ar\/home\/?post_type=product&#038;p=409"},"modified":"2026-03-23T16:52:39","modified_gmt":"2026-03-23T19:52:39","slug":"fsm150hy-24","status":"publish","type":"product","link":"https:\/\/energysaver.com.ar\/home\/shop\/fsm150hy-24\/","title":{"rendered":"Fuente Switching 24V 6,3A 150W Industrial Gabinete Metalico Exterior IP67"},"content":{"rendered":"<p>Fuente switching Energy Saver FSM150HY-24, con salida de 24V 6,3A 150W, desarrollada para uso exterior, automatizaci\u00f3n, se\u00f1alizaci\u00f3n, transporte, ferrocarriles y aplicaciones industriales exigentes. Como parte de nuestra l\u00ednea de fabricaci\u00f3n propia, esta fuente de alimentaci\u00f3n conmutada industrial de alta gama est\u00e1 pensada para servicio continuo y alta exigencia operativa.<\/p>\n<p>El modelo FSM150HY 24 cuenta con construcci\u00f3n met\u00e1lica para uso exterior, protecci\u00f3n IP67 y relleno completo con resina epoxy, caracter\u00edsticas que le otorgan gran robustez mec\u00e1nica y conforman un bloque compacto. Por ello es apto para vibraciones, transporte y ferrocarriles, adem\u00e1s de estar preparado para operar 24\/7 a la m\u00e1xima potencia especificada, con larga duraci\u00f3n y muy buena vida \u00fatil.<\/p>\n","protected":false},"excerpt":{"rendered":"<p>Fuente Switching 24V 6,3A 150W Industrial Gabinete Metalico Exterior IP67<\/p>\n","protected":false},"featured_media":783,"template":"","meta":[],"product_brand":[27],"product_cat":[34,17,21],"product_tag":[],"familia":[418],"combinaciones_multiples":[],"class_list":{"0":"post-409","1":"product","2":"type-product","3":"status-publish","4":"has-post-thumbnail","6":"product_brand-energy-saver","7":"product_cat-fuentes-24v","8":"product_cat-fuentes-switching-ac-dc","9":"product_cat-tension-de-salida","10":"product_shipping_class-correo-argentino","11":"familia-fsm150hy","13":"first","14":"onbackorder","15":"taxable","16":"shipping-taxable","17":"purchasable","18":"product-type-simple"},"ct_brands":[{"id":27,"name":"Energy Saver","slug":"energy-saver"}],"_links":{"self":[{"href":"https:\/\/energysaver.com.ar\/home\/wp-json\/wp\/v2\/product\/409","targetHints":{"allow":["GET"]}}],"collection":[{"href":"https:\/\/energysaver.com.ar\/home\/wp-json\/wp\/v2\/product"}],"about":[{"href":"https:\/\/energysaver.com.ar\/home\/wp-json\/wp\/v2\/types\/product"}],"wp:featuredmedia":[{"embeddable":true,"href":"https:\/\/energysaver.com.ar\/home\/wp-json\/wp\/v2\/media\/783"}],"wp:attachment":[{"href":"https:\/\/energysaver.com.ar\/home\/wp-json\/wp\/v2\/media?parent=409"}],"wp:term":[{"taxonomy":"product_brand","embeddable":true,"href":"https:\/\/energysaver.com.ar\/home\/wp-json\/wp\/v2\/product_brand?post=409"},{"taxonomy":"product_cat","embeddable":true,"href":"https:\/\/energysaver.com.ar\/home\/wp-json\/wp\/v2\/product_cat?post=409"},{"taxonomy":"product_tag","embeddable":true,"href":"https:\/\/energysaver.com.ar\/home\/wp-json\/wp\/v2\/product_tag?post=409"},{"taxonomy":"familia","embeddable":true,"href":"https:\/\/energysaver.com.ar\/home\/wp-json\/wp\/v2\/familia?post=409"},{"taxonomy":"combinaciones_multiples","embeddable":true,"href":"https:\/\/energysaver.com.ar\/home\/wp-json\/wp\/v2\/combinaciones_multiples?post=409"}],"curies":[{"name":"wp","href":"https:\/\/api.w.org\/{rel}","templated":true}]}}