{"id":397,"date":"2026-02-10T19:42:20","date_gmt":"2026-02-10T22:42:20","guid":{"rendered":"https:\/\/energysaver.com.ar\/home\/?post_type=product&#038;p=397"},"modified":"2026-03-23T16:52:36","modified_gmt":"2026-03-23T19:52:36","slug":"fsm150hx-24","status":"publish","type":"product","link":"https:\/\/energysaver.com.ar\/home\/shop\/fsm150hx-24\/","title":{"rendered":"Fuente Switching 24V 6,3A 150W Industrial Gabinete Metalico Modular"},"content":{"rendered":"<p>Fuente switching Energy Saver FSM150HX-24, con salida de 24V 6,3A 150W, desarrollada para automatizaci\u00f3n, tableros, equipamiento t\u00e9cnico, bancos de ensayo y aplicaciones industriales de alta exigencia. Como parte de nuestra l\u00ednea de fabricaci\u00f3n propia, esta fuente de alimentaci\u00f3n conmutada industrial de alta gama est\u00e1 pensada para servicio continuo y alta exigencia operativa.<\/p>\n<p>El modelo FSM150HX 24 se presenta en gabinete met\u00e1lico modular, pensado para integraciones industriales y equipamiento t\u00e9cnico donde se requiere una soluci\u00f3n s\u00f3lida y confiable. Est\u00e1 dise\u00f1ado para trabajo continuo 24\/7 a la m\u00e1xima potencia especificada, con larga duraci\u00f3n, buena vida \u00fatil y funcionamiento consistente a lo largo del tiempo.<\/p>\n","protected":false},"excerpt":{"rendered":"<p>Fuente Switching 24V 6,3A 150W Industrial Gabinete Metalico Modular<\/p>\n","protected":false},"featured_media":782,"template":"","meta":[],"product_brand":[27],"product_cat":[34,17,21],"product_tag":[],"familia":[416],"combinaciones_multiples":[],"class_list":{"0":"post-397","1":"product","2":"type-product","3":"status-publish","4":"has-post-thumbnail","6":"product_brand-energy-saver","7":"product_cat-fuentes-24v","8":"product_cat-fuentes-switching-ac-dc","9":"product_cat-tension-de-salida","10":"product_shipping_class-correo-argentino","11":"familia-fsm150hx","13":"first","14":"onbackorder","15":"taxable","16":"shipping-taxable","17":"purchasable","18":"product-type-simple"},"ct_brands":[{"id":27,"name":"Energy Saver","slug":"energy-saver"}],"_links":{"self":[{"href":"https:\/\/energysaver.com.ar\/home\/wp-json\/wp\/v2\/product\/397","targetHints":{"allow":["GET"]}}],"collection":[{"href":"https:\/\/energysaver.com.ar\/home\/wp-json\/wp\/v2\/product"}],"about":[{"href":"https:\/\/energysaver.com.ar\/home\/wp-json\/wp\/v2\/types\/product"}],"wp:featuredmedia":[{"embeddable":true,"href":"https:\/\/energysaver.com.ar\/home\/wp-json\/wp\/v2\/media\/782"}],"wp:attachment":[{"href":"https:\/\/energysaver.com.ar\/home\/wp-json\/wp\/v2\/media?parent=397"}],"wp:term":[{"taxonomy":"product_brand","embeddable":true,"href":"https:\/\/energysaver.com.ar\/home\/wp-json\/wp\/v2\/product_brand?post=397"},{"taxonomy":"product_cat","embeddable":true,"href":"https:\/\/energysaver.com.ar\/home\/wp-json\/wp\/v2\/product_cat?post=397"},{"taxonomy":"product_tag","embeddable":true,"href":"https:\/\/energysaver.com.ar\/home\/wp-json\/wp\/v2\/product_tag?post=397"},{"taxonomy":"familia","embeddable":true,"href":"https:\/\/energysaver.com.ar\/home\/wp-json\/wp\/v2\/familia?post=397"},{"taxonomy":"combinaciones_multiples","embeddable":true,"href":"https:\/\/energysaver.com.ar\/home\/wp-json\/wp\/v2\/combinaciones_multiples?post=397"}],"curies":[{"name":"wp","href":"https:\/\/api.w.org\/{rel}","templated":true}]}}