{"id":384,"date":"2026-02-10T19:42:18","date_gmt":"2026-02-10T22:42:18","guid":{"rendered":"https:\/\/energysaver.com.ar\/home\/?post_type=product&#038;p=384"},"modified":"2026-03-23T16:52:35","modified_gmt":"2026-03-23T19:52:35","slug":"fsm120hrd-05","status":"publish","type":"product","link":"https:\/\/energysaver.com.ar\/home\/shop\/fsm120hrd-05\/","title":{"rendered":"Fuente Switching 5V 16A 80W Industrial Gabinete Metalico Riel Din"},"content":{"rendered":"<p>La fuente switching Energy Saver FSM120HRD-05, con salida de 5V 16A 80W, ha sido desarrollada para tableros el\u00e9ctricos, automatizaci\u00f3n, control industrial, instrumentaci\u00f3n y montajes sobre riel DIN. Se trata de una fuente de alimentaci\u00f3n conmutada de fabricaci\u00f3n propia, perteneciente a nuestra l\u00ednea industrial de alta gama, dise\u00f1ada para alta exigencia operativa y uso permanente.<\/p>\n<p>El modelo FSM120HRD 05 cuenta con gabinete met\u00e1lico para riel DIN, lo que facilita un montaje prolijo y seguro dentro de tableros y gabinetes el\u00e9ctricos. Su construcci\u00f3n est\u00e1 orientada a trabajo continuo 24\/7 a la m\u00e1xima potencia especificada, brindando larga duraci\u00f3n, buena vida \u00fatil y estabilidad de funcionamiento en entornos industriales.<\/p>\n","protected":false},"excerpt":{"rendered":"<p>Fuente Switching 5V 16A 80W Industrial Gabinete Metalico Riel Din<\/p>\n","protected":false},"featured_media":797,"template":"","meta":[],"product_brand":[27],"product_cat":[50,17,21],"product_tag":[],"familia":[414],"combinaciones_multiples":[],"class_list":{"0":"post-384","1":"product","2":"type-product","3":"status-publish","4":"has-post-thumbnail","6":"product_brand-energy-saver","7":"product_cat-fuentes-5v","8":"product_cat-fuentes-switching-ac-dc","9":"product_cat-tension-de-salida","10":"product_shipping_class-correo-argentino","11":"familia-fsm120hrd","13":"first","14":"onbackorder","15":"taxable","16":"shipping-taxable","17":"purchasable","18":"product-type-simple"},"ct_brands":[{"id":27,"name":"Energy Saver","slug":"energy-saver"}],"_links":{"self":[{"href":"https:\/\/energysaver.com.ar\/home\/wp-json\/wp\/v2\/product\/384","targetHints":{"allow":["GET"]}}],"collection":[{"href":"https:\/\/energysaver.com.ar\/home\/wp-json\/wp\/v2\/product"}],"about":[{"href":"https:\/\/energysaver.com.ar\/home\/wp-json\/wp\/v2\/types\/product"}],"wp:featuredmedia":[{"embeddable":true,"href":"https:\/\/energysaver.com.ar\/home\/wp-json\/wp\/v2\/media\/797"}],"wp:attachment":[{"href":"https:\/\/energysaver.com.ar\/home\/wp-json\/wp\/v2\/media?parent=384"}],"wp:term":[{"taxonomy":"product_brand","embeddable":true,"href":"https:\/\/energysaver.com.ar\/home\/wp-json\/wp\/v2\/product_brand?post=384"},{"taxonomy":"product_cat","embeddable":true,"href":"https:\/\/energysaver.com.ar\/home\/wp-json\/wp\/v2\/product_cat?post=384"},{"taxonomy":"product_tag","embeddable":true,"href":"https:\/\/energysaver.com.ar\/home\/wp-json\/wp\/v2\/product_tag?post=384"},{"taxonomy":"familia","embeddable":true,"href":"https:\/\/energysaver.com.ar\/home\/wp-json\/wp\/v2\/familia?post=384"},{"taxonomy":"combinaciones_multiples","embeddable":true,"href":"https:\/\/energysaver.com.ar\/home\/wp-json\/wp\/v2\/combinaciones_multiples?post=384"}],"curies":[{"name":"wp","href":"https:\/\/api.w.org\/{rel}","templated":true}]}}