{"id":381,"date":"2026-02-10T19:42:17","date_gmt":"2026-02-10T22:42:17","guid":{"rendered":"https:\/\/energysaver.com.ar\/home\/?post_type=product&#038;p=381"},"modified":"2026-03-23T16:52:35","modified_gmt":"2026-03-23T19:52:35","slug":"fsm120he-54","status":"publish","type":"product","link":"https:\/\/energysaver.com.ar\/home\/shop\/fsm120he-54\/","title":{"rendered":"Fuente Switching 54V 2,22A 120W Industrial Gabinete Metalico Escritorio"},"content":{"rendered":"<p>La fuente switching Energy Saver FSM120HE-54, con salida de 54V 2,22A 120W, ha sido desarrollada para aplicaciones de escritorio, equipamiento t\u00e9cnico, instrumentaci\u00f3n, automatizaci\u00f3n y bancos de ensayo. Se trata de una fuente de alimentaci\u00f3n conmutada de fabricaci\u00f3n propia, perteneciente a nuestra l\u00ednea industrial de alta gama, dise\u00f1ada para alta exigencia operativa y uso permanente.<\/p>\n<p>El modelo FSM120HE 54 se presenta en gabinete met\u00e1lico de escritorio, una soluci\u00f3n robusta para aplicaciones de escritorio y otros montajes t\u00e9cnicos que requieren mayor solidez mec\u00e1nica. Est\u00e1 pensado para trabajo continuo 24\/7 a la m\u00e1xima potencia especificada, con larga duraci\u00f3n, buena vida \u00fatil y funcionamiento estable a lo largo del tiempo.<\/p>\n","protected":false},"excerpt":{"rendered":"<p>Fuente Switching 54V 2,3A 120W Industrial Gabinete Metalico Escritorio<\/p>\n","protected":false},"featured_media":796,"template":"","meta":[],"product_brand":[27],"product_cat":[42,17,21],"product_tag":[],"familia":[411],"combinaciones_multiples":[],"class_list":{"0":"post-381","1":"product","2":"type-product","3":"status-publish","4":"has-post-thumbnail","6":"product_brand-energy-saver","7":"product_cat-fuentes-54v","8":"product_cat-fuentes-switching-ac-dc","9":"product_cat-tension-de-salida","10":"product_shipping_class-correo-argentino","11":"familia-fsm120he","13":"first","14":"onbackorder","15":"taxable","16":"shipping-taxable","17":"purchasable","18":"product-type-simple"},"ct_brands":[{"id":27,"name":"Energy Saver","slug":"energy-saver"}],"_links":{"self":[{"href":"https:\/\/energysaver.com.ar\/home\/wp-json\/wp\/v2\/product\/381","targetHints":{"allow":["GET"]}}],"collection":[{"href":"https:\/\/energysaver.com.ar\/home\/wp-json\/wp\/v2\/product"}],"about":[{"href":"https:\/\/energysaver.com.ar\/home\/wp-json\/wp\/v2\/types\/product"}],"wp:featuredmedia":[{"embeddable":true,"href":"https:\/\/energysaver.com.ar\/home\/wp-json\/wp\/v2\/media\/796"}],"wp:attachment":[{"href":"https:\/\/energysaver.com.ar\/home\/wp-json\/wp\/v2\/media?parent=381"}],"wp:term":[{"taxonomy":"product_brand","embeddable":true,"href":"https:\/\/energysaver.com.ar\/home\/wp-json\/wp\/v2\/product_brand?post=381"},{"taxonomy":"product_cat","embeddable":true,"href":"https:\/\/energysaver.com.ar\/home\/wp-json\/wp\/v2\/product_cat?post=381"},{"taxonomy":"product_tag","embeddable":true,"href":"https:\/\/energysaver.com.ar\/home\/wp-json\/wp\/v2\/product_tag?post=381"},{"taxonomy":"familia","embeddable":true,"href":"https:\/\/energysaver.com.ar\/home\/wp-json\/wp\/v2\/familia?post=381"},{"taxonomy":"combinaciones_multiples","embeddable":true,"href":"https:\/\/energysaver.com.ar\/home\/wp-json\/wp\/v2\/combinaciones_multiples?post=381"}],"curies":[{"name":"wp","href":"https:\/\/api.w.org\/{rel}","templated":true}]}}