{"id":332,"date":"2026-02-10T19:41:52","date_gmt":"2026-02-10T22:41:52","guid":{"rendered":"https:\/\/energysaver.com.ar\/home\/?post_type=product&#038;p=332"},"modified":"2026-03-23T16:52:28","modified_gmt":"2026-03-23T19:52:28","slug":"fsm75hy-24","status":"publish","type":"product","link":"https:\/\/energysaver.com.ar\/home\/shop\/fsm75hy-24\/","title":{"rendered":"Fuente Switching 24V 3,2A 75W Industrial Gabinete Metalico Exterior IP67"},"content":{"rendered":"<p>Fuente de alimentaci\u00f3n conmutada Energy Saver FSM75HY-24, con salida de 24V 3,2A 75W, desarrollada para uso exterior, automatizaci\u00f3n, se\u00f1alizaci\u00f3n, transporte, ferrocarriles y aplicaciones industriales exigentes. Esta fuente switching de fabricaci\u00f3n propia pertenece a nuestra l\u00ednea industrial de alta gama, pensada para aplicaciones de alta exigencia operativa y trabajo continuo.<\/p>\n<p>El modelo FSM75HY 24 posee gabinete met\u00e1lico para uso exterior con protecci\u00f3n IP67 y se encuentra completamente relleno con resina epoxy, lo que conforma un bloque compacto de gran solidez mec\u00e1nica. Gracias a esta construcci\u00f3n, resulta apto para vibraciones, transporte y aplicaciones ferroviarias, manteniendo larga duraci\u00f3n, extensa vida \u00fatil y funcionamiento confiable en servicio continuo 24\/7 a la m\u00e1xima potencia especificada.<\/p>\n","protected":false},"excerpt":{"rendered":"<p>Fuente Switching 24V 3,2A 75W Industrial Gabinete Metalico Exterior IP67<\/p>\n","protected":false},"featured_media":783,"template":"","meta":[],"product_brand":[27],"product_cat":[34,17,21],"product_tag":[],"familia":[407],"combinaciones_multiples":[],"class_list":{"0":"post-332","1":"product","2":"type-product","3":"status-publish","4":"has-post-thumbnail","6":"product_brand-energy-saver","7":"product_cat-fuentes-24v","8":"product_cat-fuentes-switching-ac-dc","9":"product_cat-tension-de-salida","10":"product_shipping_class-correo-argentino","11":"familia-fsm75hy","13":"first","14":"onbackorder","15":"taxable","16":"shipping-taxable","17":"purchasable","18":"product-type-simple"},"ct_brands":[{"id":27,"name":"Energy Saver","slug":"energy-saver"}],"_links":{"self":[{"href":"https:\/\/energysaver.com.ar\/home\/wp-json\/wp\/v2\/product\/332","targetHints":{"allow":["GET"]}}],"collection":[{"href":"https:\/\/energysaver.com.ar\/home\/wp-json\/wp\/v2\/product"}],"about":[{"href":"https:\/\/energysaver.com.ar\/home\/wp-json\/wp\/v2\/types\/product"}],"wp:featuredmedia":[{"embeddable":true,"href":"https:\/\/energysaver.com.ar\/home\/wp-json\/wp\/v2\/media\/783"}],"wp:attachment":[{"href":"https:\/\/energysaver.com.ar\/home\/wp-json\/wp\/v2\/media?parent=332"}],"wp:term":[{"taxonomy":"product_brand","embeddable":true,"href":"https:\/\/energysaver.com.ar\/home\/wp-json\/wp\/v2\/product_brand?post=332"},{"taxonomy":"product_cat","embeddable":true,"href":"https:\/\/energysaver.com.ar\/home\/wp-json\/wp\/v2\/product_cat?post=332"},{"taxonomy":"product_tag","embeddable":true,"href":"https:\/\/energysaver.com.ar\/home\/wp-json\/wp\/v2\/product_tag?post=332"},{"taxonomy":"familia","embeddable":true,"href":"https:\/\/energysaver.com.ar\/home\/wp-json\/wp\/v2\/familia?post=332"},{"taxonomy":"combinaciones_multiples","embeddable":true,"href":"https:\/\/energysaver.com.ar\/home\/wp-json\/wp\/v2\/combinaciones_multiples?post=332"}],"curies":[{"name":"wp","href":"https:\/\/api.w.org\/{rel}","templated":true}]}}