{"id":314,"date":"2026-02-10T19:41:50","date_gmt":"2026-02-10T22:41:50","guid":{"rendered":"https:\/\/energysaver.com.ar\/home\/?post_type=product&#038;p=314"},"modified":"2026-03-23T16:52:26","modified_gmt":"2026-03-23T19:52:26","slug":"fsm75he-48","status":"publish","type":"product","link":"https:\/\/energysaver.com.ar\/home\/shop\/fsm75he-48\/","title":{"rendered":"Fuente Switching 48V 1,6A 75W Industrial Gabinete Metalico Escritorio"},"content":{"rendered":"<p>Fuente de alimentaci\u00f3n conmutada Energy Saver FSM75HE-48, con salida de 48V 1,6A 75W, desarrollada para aplicaciones de escritorio, equipamiento t\u00e9cnico, instrumentaci\u00f3n, automatizaci\u00f3n y bancos de ensayo. Esta fuente switching de fabricaci\u00f3n propia pertenece a nuestra l\u00ednea industrial de alta gama, pensada para aplicaciones de alta exigencia operativa y trabajo continuo.<\/p>\n<p>El modelo FSM75HE 48 incorpora gabinete met\u00e1lico de escritorio, adecuado para aplicaciones de escritorio, equipamiento t\u00e9cnico, bancos de ensayo e instrumentaci\u00f3n profesional. Su construcci\u00f3n robusta est\u00e1 orientada a operar en forma continua 24\/7 a la m\u00e1xima potencia especificada, ofreciendo larga duraci\u00f3n, buena vida \u00fatil y un desempe\u00f1o confiable.<\/p>\n","protected":false},"excerpt":{"rendered":"<p>Fuente Switching 48V 1,6A 75W Industrial Gabinete Metalico Escritorio<\/p>\n","protected":false},"featured_media":796,"template":"","meta":[],"product_brand":[27],"product_cat":[40,17,21],"product_tag":[],"familia":[404],"combinaciones_multiples":[],"class_list":{"0":"post-314","1":"product","2":"type-product","3":"status-publish","4":"has-post-thumbnail","6":"product_brand-energy-saver","7":"product_cat-fuentes-48v","8":"product_cat-fuentes-switching-ac-dc","9":"product_cat-tension-de-salida","10":"product_shipping_class-correo-argentino","11":"familia-fsm75he","13":"first","14":"onbackorder","15":"taxable","16":"shipping-taxable","17":"purchasable","18":"product-type-simple"},"ct_brands":[{"id":27,"name":"Energy Saver","slug":"energy-saver"}],"_links":{"self":[{"href":"https:\/\/energysaver.com.ar\/home\/wp-json\/wp\/v2\/product\/314","targetHints":{"allow":["GET"]}}],"collection":[{"href":"https:\/\/energysaver.com.ar\/home\/wp-json\/wp\/v2\/product"}],"about":[{"href":"https:\/\/energysaver.com.ar\/home\/wp-json\/wp\/v2\/types\/product"}],"wp:featuredmedia":[{"embeddable":true,"href":"https:\/\/energysaver.com.ar\/home\/wp-json\/wp\/v2\/media\/796"}],"wp:attachment":[{"href":"https:\/\/energysaver.com.ar\/home\/wp-json\/wp\/v2\/media?parent=314"}],"wp:term":[{"taxonomy":"product_brand","embeddable":true,"href":"https:\/\/energysaver.com.ar\/home\/wp-json\/wp\/v2\/product_brand?post=314"},{"taxonomy":"product_cat","embeddable":true,"href":"https:\/\/energysaver.com.ar\/home\/wp-json\/wp\/v2\/product_cat?post=314"},{"taxonomy":"product_tag","embeddable":true,"href":"https:\/\/energysaver.com.ar\/home\/wp-json\/wp\/v2\/product_tag?post=314"},{"taxonomy":"familia","embeddable":true,"href":"https:\/\/energysaver.com.ar\/home\/wp-json\/wp\/v2\/familia?post=314"},{"taxonomy":"combinaciones_multiples","embeddable":true,"href":"https:\/\/energysaver.com.ar\/home\/wp-json\/wp\/v2\/combinaciones_multiples?post=314"}],"curies":[{"name":"wp","href":"https:\/\/api.w.org\/{rel}","templated":true}]}}