{"id":279,"date":"2026-02-10T19:41:35","date_gmt":"2026-02-10T22:41:35","guid":{"rendered":"https:\/\/energysaver.com.ar\/home\/?post_type=product&#038;p=279"},"modified":"2026-03-23T17:19:15","modified_gmt":"2026-03-23T20:19:15","slug":"fse60h-24","status":"publish","type":"product","link":"https:\/\/energysaver.com.ar\/home\/shop\/fse60h-24\/","title":{"rendered":"Fuente Switching 24V 2,5A 60W Industrial Gabinete Plastico Escritorio"},"content":{"rendered":"<p>La fuente switching Energy Saver FSE60H-24, con salida de 24V 2,5A 60W, ha sido desarrollada para aplicaciones de escritorio, equipos electr\u00f3nicos, instrumentaci\u00f3n, automatizaci\u00f3n liviana y otros usos industriales. Se trata de una fuente de alimentaci\u00f3n conmutada de fabricaci\u00f3n propia, perteneciente a nuestra l\u00ednea industrial de alta gama, dise\u00f1ada para alta exigencia operativa y uso permanente.<\/p>\n<p>El modelo FSE60H 24 cuenta con gabinete pl\u00e1stico de escritorio, una configuraci\u00f3n apropiada para aplicaciones de escritorio, equipos electr\u00f3nicos e instrumentaci\u00f3n t\u00e9cnica. Su construcci\u00f3n est\u00e1 orientada a trabajo continuo 24\/7 a la m\u00e1xima potencia especificada, con larga duraci\u00f3n, buena vida \u00fatil y funcionamiento confiable en servicio permanente.<\/p>\n","protected":false},"excerpt":{"rendered":"<p>Fuente Switching 24V 2,5A 60W Industrial Gabinete Plastico Escritorio<\/p>\n","protected":false},"featured_media":755,"template":"","meta":[],"product_brand":[27],"product_cat":[34,17],"product_tag":[],"familia":[402],"combinaciones_multiples":[],"class_list":{"0":"post-279","1":"product","2":"type-product","3":"status-publish","4":"has-post-thumbnail","6":"product_brand-energy-saver","7":"product_cat-fuentes-24v","8":"product_cat-fuentes-switching-ac-dc","9":"product_shipping_class-correo-argentino","10":"familia-fse60h","12":"first","13":"onbackorder","14":"taxable","15":"shipping-taxable","16":"purchasable","17":"product-type-simple"},"ct_brands":[{"id":27,"name":"Energy Saver","slug":"energy-saver"}],"_links":{"self":[{"href":"https:\/\/energysaver.com.ar\/home\/wp-json\/wp\/v2\/product\/279","targetHints":{"allow":["GET"]}}],"collection":[{"href":"https:\/\/energysaver.com.ar\/home\/wp-json\/wp\/v2\/product"}],"about":[{"href":"https:\/\/energysaver.com.ar\/home\/wp-json\/wp\/v2\/types\/product"}],"wp:featuredmedia":[{"embeddable":true,"href":"https:\/\/energysaver.com.ar\/home\/wp-json\/wp\/v2\/media\/755"}],"wp:attachment":[{"href":"https:\/\/energysaver.com.ar\/home\/wp-json\/wp\/v2\/media?parent=279"}],"wp:term":[{"taxonomy":"product_brand","embeddable":true,"href":"https:\/\/energysaver.com.ar\/home\/wp-json\/wp\/v2\/product_brand?post=279"},{"taxonomy":"product_cat","embeddable":true,"href":"https:\/\/energysaver.com.ar\/home\/wp-json\/wp\/v2\/product_cat?post=279"},{"taxonomy":"product_tag","embeddable":true,"href":"https:\/\/energysaver.com.ar\/home\/wp-json\/wp\/v2\/product_tag?post=279"},{"taxonomy":"familia","embeddable":true,"href":"https:\/\/energysaver.com.ar\/home\/wp-json\/wp\/v2\/familia?post=279"},{"taxonomy":"combinaciones_multiples","embeddable":true,"href":"https:\/\/energysaver.com.ar\/home\/wp-json\/wp\/v2\/combinaciones_multiples?post=279"}],"curies":[{"name":"wp","href":"https:\/\/api.w.org\/{rel}","templated":true}]}}