{"id":268,"date":"2026-02-10T19:41:25","date_gmt":"2026-02-10T22:41:25","guid":{"rendered":"https:\/\/energysaver.com.ar\/home\/?post_type=product&#038;p=268"},"modified":"2026-03-23T16:52:19","modified_gmt":"2026-03-23T19:52:19","slug":"fse50h-15","status":"publish","type":"product","link":"https:\/\/energysaver.com.ar\/home\/shop\/fse50h-15\/","title":{"rendered":"Fuente Switching 15V 3,4A 50W Industrial Gabinete Plastico Escritorio"},"content":{"rendered":"<p>Fuente switching Energy Saver FSE50H-15, con salida de 15V 3,4A 50W, desarrollada para aplicaciones de escritorio, equipos electr\u00f3nicos, instrumentaci\u00f3n, automatizaci\u00f3n liviana y otros usos industriales. Como parte de nuestra l\u00ednea de fabricaci\u00f3n propia, esta fuente de alimentaci\u00f3n conmutada industrial de alta gama est\u00e1 pensada para servicio continuo y alta exigencia operativa.<\/p>\n<p>El modelo FSE50H 15 se presenta en gabinete pl\u00e1stico de escritorio, adecuado para aplicaciones de escritorio, equipamiento electr\u00f3nico, instrumentaci\u00f3n y usos t\u00e9cnicos donde se valora una soluci\u00f3n compacta y confiable. Est\u00e1 dise\u00f1ado para operar en forma continua 24\/7 a la m\u00e1xima potencia especificada, ofreciendo larga duraci\u00f3n, buena vida \u00fatil y un desempe\u00f1o estable.<\/p>\n","protected":false},"excerpt":{"rendered":"<p>Fuente Switching 15V 3,4A 50W Industrial Gabinete Plastico Escritorio<\/p>\n","protected":false},"featured_media":753,"template":"","meta":[],"product_brand":[27],"product_cat":[30,17,21],"product_tag":[],"familia":[401],"combinaciones_multiples":[],"class_list":{"0":"post-268","1":"product","2":"type-product","3":"status-publish","4":"has-post-thumbnail","6":"product_brand-energy-saver","7":"product_cat-fuentes-15v","8":"product_cat-fuentes-switching-ac-dc","9":"product_cat-tension-de-salida","10":"product_shipping_class-correo-argentino","11":"familia-fse50h","13":"first","14":"onbackorder","15":"taxable","16":"shipping-taxable","17":"purchasable","18":"product-type-simple"},"ct_brands":[{"id":27,"name":"Energy Saver","slug":"energy-saver"}],"_links":{"self":[{"href":"https:\/\/energysaver.com.ar\/home\/wp-json\/wp\/v2\/product\/268","targetHints":{"allow":["GET"]}}],"collection":[{"href":"https:\/\/energysaver.com.ar\/home\/wp-json\/wp\/v2\/product"}],"about":[{"href":"https:\/\/energysaver.com.ar\/home\/wp-json\/wp\/v2\/types\/product"}],"wp:featuredmedia":[{"embeddable":true,"href":"https:\/\/energysaver.com.ar\/home\/wp-json\/wp\/v2\/media\/753"}],"wp:attachment":[{"href":"https:\/\/energysaver.com.ar\/home\/wp-json\/wp\/v2\/media?parent=268"}],"wp:term":[{"taxonomy":"product_brand","embeddable":true,"href":"https:\/\/energysaver.com.ar\/home\/wp-json\/wp\/v2\/product_brand?post=268"},{"taxonomy":"product_cat","embeddable":true,"href":"https:\/\/energysaver.com.ar\/home\/wp-json\/wp\/v2\/product_cat?post=268"},{"taxonomy":"product_tag","embeddable":true,"href":"https:\/\/energysaver.com.ar\/home\/wp-json\/wp\/v2\/product_tag?post=268"},{"taxonomy":"familia","embeddable":true,"href":"https:\/\/energysaver.com.ar\/home\/wp-json\/wp\/v2\/familia?post=268"},{"taxonomy":"combinaciones_multiples","embeddable":true,"href":"https:\/\/energysaver.com.ar\/home\/wp-json\/wp\/v2\/combinaciones_multiples?post=268"}],"curies":[{"name":"wp","href":"https:\/\/api.w.org\/{rel}","templated":true}]}}