{"id":259,"date":"2026-02-10T19:41:24","date_gmt":"2026-02-10T22:41:24","guid":{"rendered":"https:\/\/energysaver.com.ar\/home\/?post_type=product&#038;p=259"},"modified":"2026-03-23T16:52:18","modified_gmt":"2026-03-23T19:52:18","slug":"fse40h-24","status":"publish","type":"product","link":"https:\/\/energysaver.com.ar\/home\/shop\/fse40h-24\/","title":{"rendered":"Fuente Switching 24V 1,7A 40W Industrial Gabinete Plastico Escritorio"},"content":{"rendered":"<p>Fuente switching Energy Saver FSE40H-24, con salida de 24V 1,7A 40W, desarrollada para aplicaciones de escritorio, equipos electr\u00f3nicos, instrumentaci\u00f3n, automatizaci\u00f3n liviana y otros usos industriales. Como parte de nuestra l\u00ednea de fabricaci\u00f3n propia, esta fuente de alimentaci\u00f3n conmutada industrial de alta gama est\u00e1 pensada para servicio continuo y alta exigencia operativa.<\/p>\n<p>El modelo FSE40H 24 cuenta con gabinete pl\u00e1stico de escritorio, una configuraci\u00f3n apropiada para aplicaciones de escritorio, equipos electr\u00f3nicos e instrumentaci\u00f3n t\u00e9cnica. Su construcci\u00f3n est\u00e1 orientada a trabajo continuo 24\/7 a la m\u00e1xima potencia especificada, con larga duraci\u00f3n, buena vida \u00fatil y funcionamiento confiable en servicio permanente.<\/p>\n","protected":false},"excerpt":{"rendered":"<p>Fuente Switching 24V 1,7A 40W Industrial Gabinete Plastico Escritorio<\/p>\n","protected":false},"featured_media":752,"template":"","meta":[],"product_brand":[27],"product_cat":[34,17,21],"product_tag":[],"familia":[400],"combinaciones_multiples":[],"class_list":{"0":"post-259","1":"product","2":"type-product","3":"status-publish","4":"has-post-thumbnail","6":"product_brand-energy-saver","7":"product_cat-fuentes-24v","8":"product_cat-fuentes-switching-ac-dc","9":"product_cat-tension-de-salida","10":"product_shipping_class-correo-argentino","11":"familia-fse40h","13":"first","14":"onbackorder","15":"taxable","16":"shipping-taxable","17":"purchasable","18":"product-type-simple"},"ct_brands":[{"id":27,"name":"Energy Saver","slug":"energy-saver"}],"_links":{"self":[{"href":"https:\/\/energysaver.com.ar\/home\/wp-json\/wp\/v2\/product\/259","targetHints":{"allow":["GET"]}}],"collection":[{"href":"https:\/\/energysaver.com.ar\/home\/wp-json\/wp\/v2\/product"}],"about":[{"href":"https:\/\/energysaver.com.ar\/home\/wp-json\/wp\/v2\/types\/product"}],"wp:featuredmedia":[{"embeddable":true,"href":"https:\/\/energysaver.com.ar\/home\/wp-json\/wp\/v2\/media\/752"}],"wp:attachment":[{"href":"https:\/\/energysaver.com.ar\/home\/wp-json\/wp\/v2\/media?parent=259"}],"wp:term":[{"taxonomy":"product_brand","embeddable":true,"href":"https:\/\/energysaver.com.ar\/home\/wp-json\/wp\/v2\/product_brand?post=259"},{"taxonomy":"product_cat","embeddable":true,"href":"https:\/\/energysaver.com.ar\/home\/wp-json\/wp\/v2\/product_cat?post=259"},{"taxonomy":"product_tag","embeddable":true,"href":"https:\/\/energysaver.com.ar\/home\/wp-json\/wp\/v2\/product_tag?post=259"},{"taxonomy":"familia","embeddable":true,"href":"https:\/\/energysaver.com.ar\/home\/wp-json\/wp\/v2\/familia?post=259"},{"taxonomy":"combinaciones_multiples","embeddable":true,"href":"https:\/\/energysaver.com.ar\/home\/wp-json\/wp\/v2\/combinaciones_multiples?post=259"}],"curies":[{"name":"wp","href":"https:\/\/api.w.org\/{rel}","templated":true}]}}