{"id":2581,"date":"2026-04-09T16:59:51","date_gmt":"2026-04-09T19:59:51","guid":{"rendered":"https:\/\/energysaver.com.ar\/home\/shop\/fuente-switching-driver-led-mean-well-12vcc-3a-36w-cv-plastico-ip67-lpv-35-12\/"},"modified":"2026-04-12T13:11:30","modified_gmt":"2026-04-12T16:11:30","slug":"lpv-35-12","status":"publish","type":"product","link":"https:\/\/energysaver.com.ar\/home\/shop\/drivers-led\/lpv-35-12\/","title":{"rendered":"Fuente Switching Driver Led Mean Well 12Vcc 3A 36W CV Plastico IP67 | LPV-35-12"},"content":{"rendered":"<p>La LPV-35-12 de Mean Well es una fuente switching y driver LED de tension constante, con salida de 12Vcc, corriente nominal de 3A y potencia de 36W. Trabaja con entrada 90 ~ 264Vac \/ 127 ~ 370Vdc y cuenta con carcasa plastica encapsulada IP67.<\/p>\n<p>La serie LPV-35 funciona como fuente de alimentacion conmutada para aplicaciones LED, carteleria y usos donde se requiere una solucion compacta, sellada y confiable para trabajo continuo por conveccion natural.<\/p>\n","protected":false},"excerpt":{"rendered":"<p>Driver LED Mean Well de alta gama de 12Vcc 3A 36W, salida CV, en formato pl\u00e1stico IP67, de calidad industrial para uso continuo, ideal para carteler\u00eda, iluminaci\u00f3n LED y uso exterior.<\/p>\n","protected":false},"featured_media":2034,"template":"","meta":[],"product_brand":[387],"product_cat":[344],"product_tag":[],"familia":[1277],"combinaciones_multiples":[],"class_list":{"0":"post-2581","1":"product","2":"type-product","3":"status-publish","4":"has-post-thumbnail","6":"product_brand-mean-well","7":"product_cat-drivers-led","8":"product_shipping_class-correo-argentino","9":"familia-lpv-35","11":"first","12":"onbackorder","13":"taxable","14":"shipping-taxable","15":"product-type-simple"},"ct_brands":[{"id":387,"name":"Mean Well","slug":"mean-well"}],"_links":{"self":[{"href":"https:\/\/energysaver.com.ar\/home\/wp-json\/wp\/v2\/product\/2581","targetHints":{"allow":["GET"]}}],"collection":[{"href":"https:\/\/energysaver.com.ar\/home\/wp-json\/wp\/v2\/product"}],"about":[{"href":"https:\/\/energysaver.com.ar\/home\/wp-json\/wp\/v2\/types\/product"}],"wp:featuredmedia":[{"embeddable":true,"href":"https:\/\/energysaver.com.ar\/home\/wp-json\/wp\/v2\/media\/2034"}],"wp:attachment":[{"href":"https:\/\/energysaver.com.ar\/home\/wp-json\/wp\/v2\/media?parent=2581"}],"wp:term":[{"taxonomy":"product_brand","embeddable":true,"href":"https:\/\/energysaver.com.ar\/home\/wp-json\/wp\/v2\/product_brand?post=2581"},{"taxonomy":"product_cat","embeddable":true,"href":"https:\/\/energysaver.com.ar\/home\/wp-json\/wp\/v2\/product_cat?post=2581"},{"taxonomy":"product_tag","embeddable":true,"href":"https:\/\/energysaver.com.ar\/home\/wp-json\/wp\/v2\/product_tag?post=2581"},{"taxonomy":"familia","embeddable":true,"href":"https:\/\/energysaver.com.ar\/home\/wp-json\/wp\/v2\/familia?post=2581"},{"taxonomy":"combinaciones_multiples","embeddable":true,"href":"https:\/\/energysaver.com.ar\/home\/wp-json\/wp\/v2\/combinaciones_multiples?post=2581"}],"curies":[{"name":"wp","href":"https:\/\/api.w.org\/{rel}","templated":true}]}}