{"id":243,"date":"2026-02-10T19:41:13","date_gmt":"2026-02-10T22:41:13","guid":{"rendered":"https:\/\/energysaver.com.ar\/home\/?post_type=product&#038;p=243"},"modified":"2026-03-23T16:52:15","modified_gmt":"2026-03-23T19:52:15","slug":"fse25hrd-48","status":"publish","type":"product","link":"https:\/\/energysaver.com.ar\/home\/shop\/fse25hrd-48\/","title":{"rendered":"Fuente Switching 48V 0,5A 25W Industrial Gabinete Plastico Riel Din"},"content":{"rendered":"<p>La fuente switching Energy Saver FSE25HRD-48, con salida de 48V 0,5A 25W, ha sido desarrollada para tableros el\u00e9ctricos, automatizaci\u00f3n, control, instrumentaci\u00f3n y montajes sobre riel DIN. Se trata de una fuente de alimentaci\u00f3n conmutada de fabricaci\u00f3n propia, perteneciente a nuestra l\u00ednea industrial de alta gama, dise\u00f1ada para alta exigencia operativa y uso permanente.<\/p>\n<p>El modelo FSE25HRD 48 se presenta en formato pl\u00e1stico para riel DIN, adecuado para montajes el\u00e9ctricos donde se requiere practicidad, orden y confiabilidad. Su construcci\u00f3n est\u00e1 orientada a trabajo continuo 24\/7 a la m\u00e1xima potencia especificada, ofreciendo larga duraci\u00f3n, buena vida \u00fatil y un desempe\u00f1o estable en servicio permanente.<\/p>\n","protected":false},"excerpt":{"rendered":"<p>Fuente Switching 48V 0,6A 25W Industrial Gabinete Plastico Riel Din<\/p>\n","protected":false},"featured_media":0,"template":"","meta":[],"product_brand":[27],"product_cat":[40,17,21],"product_tag":[],"familia":[434],"combinaciones_multiples":[],"class_list":{"0":"post-243","1":"product","2":"type-product","3":"status-publish","5":"product_brand-energy-saver","6":"product_cat-fuentes-48v","7":"product_cat-fuentes-switching-ac-dc","8":"product_cat-tension-de-salida","9":"product_shipping_class-correo-argentino","10":"familia-fse25hrd","12":"first","13":"onbackorder","14":"taxable","15":"shipping-taxable","16":"purchasable","17":"product-type-simple"},"ct_brands":[{"id":27,"name":"Energy Saver","slug":"energy-saver"}],"_links":{"self":[{"href":"https:\/\/energysaver.com.ar\/home\/wp-json\/wp\/v2\/product\/243","targetHints":{"allow":["GET"]}}],"collection":[{"href":"https:\/\/energysaver.com.ar\/home\/wp-json\/wp\/v2\/product"}],"about":[{"href":"https:\/\/energysaver.com.ar\/home\/wp-json\/wp\/v2\/types\/product"}],"wp:attachment":[{"href":"https:\/\/energysaver.com.ar\/home\/wp-json\/wp\/v2\/media?parent=243"}],"wp:term":[{"taxonomy":"product_brand","embeddable":true,"href":"https:\/\/energysaver.com.ar\/home\/wp-json\/wp\/v2\/product_brand?post=243"},{"taxonomy":"product_cat","embeddable":true,"href":"https:\/\/energysaver.com.ar\/home\/wp-json\/wp\/v2\/product_cat?post=243"},{"taxonomy":"product_tag","embeddable":true,"href":"https:\/\/energysaver.com.ar\/home\/wp-json\/wp\/v2\/product_tag?post=243"},{"taxonomy":"familia","embeddable":true,"href":"https:\/\/energysaver.com.ar\/home\/wp-json\/wp\/v2\/familia?post=243"},{"taxonomy":"combinaciones_multiples","embeddable":true,"href":"https:\/\/energysaver.com.ar\/home\/wp-json\/wp\/v2\/combinaciones_multiples?post=243"}],"curies":[{"name":"wp","href":"https:\/\/api.w.org\/{rel}","templated":true}]}}