{"id":229,"date":"2026-02-10T19:41:12","date_gmt":"2026-02-10T22:41:12","guid":{"rendered":"https:\/\/energysaver.com.ar\/home\/?post_type=product&#038;p=229"},"modified":"2026-03-23T16:52:14","modified_gmt":"2026-03-23T19:52:14","slug":"fse25h-30","status":"publish","type":"product","link":"https:\/\/energysaver.com.ar\/home\/shop\/fse25h-30\/","title":{"rendered":"Fuente Switching 30V 0,83A 25W Industrial Gabinete Plastico Escritorio"},"content":{"rendered":"<p>Fuente switching Energy Saver FSE25H-30, con salida de 30V 0,83A 25W, desarrollada para aplicaciones de escritorio, equipos electr\u00f3nicos, instrumentaci\u00f3n, automatizaci\u00f3n liviana y otros usos industriales. Como parte de nuestra l\u00ednea de fabricaci\u00f3n propia, esta fuente de alimentaci\u00f3n conmutada industrial de alta gama est\u00e1 pensada para servicio continuo y alta exigencia operativa.<\/p>\n<p>El modelo FSE25H 30 cuenta con gabinete pl\u00e1stico de escritorio, una configuraci\u00f3n apropiada para aplicaciones de escritorio, equipos electr\u00f3nicos e instrumentaci\u00f3n t\u00e9cnica. Su construcci\u00f3n est\u00e1 orientada a trabajo continuo 24\/7 a la m\u00e1xima potencia especificada, con larga duraci\u00f3n, buena vida \u00fatil y funcionamiento confiable en servicio permanente.<\/p>\n","protected":false},"excerpt":{"rendered":"<p>Fuente Switching 30V 0,9A 25W Industrial Gabinete Plastico Escritorio<\/p>\n","protected":false},"featured_media":0,"template":"","meta":[],"product_brand":[27],"product_cat":[28,17,21],"product_tag":[],"familia":[399],"combinaciones_multiples":[],"class_list":{"0":"post-229","1":"product","2":"type-product","3":"status-publish","5":"product_brand-energy-saver","6":"product_cat-fuentes-30v","7":"product_cat-fuentes-switching-ac-dc","8":"product_cat-tension-de-salida","9":"product_shipping_class-correo-argentino","10":"familia-fse25h","12":"first","13":"onbackorder","14":"taxable","15":"shipping-taxable","16":"purchasable","17":"product-type-simple"},"ct_brands":[{"id":27,"name":"Energy Saver","slug":"energy-saver"}],"_links":{"self":[{"href":"https:\/\/energysaver.com.ar\/home\/wp-json\/wp\/v2\/product\/229","targetHints":{"allow":["GET"]}}],"collection":[{"href":"https:\/\/energysaver.com.ar\/home\/wp-json\/wp\/v2\/product"}],"about":[{"href":"https:\/\/energysaver.com.ar\/home\/wp-json\/wp\/v2\/types\/product"}],"wp:attachment":[{"href":"https:\/\/energysaver.com.ar\/home\/wp-json\/wp\/v2\/media?parent=229"}],"wp:term":[{"taxonomy":"product_brand","embeddable":true,"href":"https:\/\/energysaver.com.ar\/home\/wp-json\/wp\/v2\/product_brand?post=229"},{"taxonomy":"product_cat","embeddable":true,"href":"https:\/\/energysaver.com.ar\/home\/wp-json\/wp\/v2\/product_cat?post=229"},{"taxonomy":"product_tag","embeddable":true,"href":"https:\/\/energysaver.com.ar\/home\/wp-json\/wp\/v2\/product_tag?post=229"},{"taxonomy":"familia","embeddable":true,"href":"https:\/\/energysaver.com.ar\/home\/wp-json\/wp\/v2\/familia?post=229"},{"taxonomy":"combinaciones_multiples","embeddable":true,"href":"https:\/\/energysaver.com.ar\/home\/wp-json\/wp\/v2\/combinaciones_multiples?post=229"}],"curies":[{"name":"wp","href":"https:\/\/api.w.org\/{rel}","templated":true}]}}