{"id":216,"date":"2026-02-10T19:41:01","date_gmt":"2026-02-10T22:41:01","guid":{"rendered":"https:\/\/energysaver.com.ar\/home\/?post_type=product&#038;p=216"},"modified":"2026-03-23T16:52:11","modified_gmt":"2026-03-23T19:52:11","slug":"fse15hrd-19","status":"publish","type":"product","link":"https:\/\/energysaver.com.ar\/home\/shop\/fse15hrd-19\/","title":{"rendered":"Fuente Switching 19V 0,8A 15W Industrial Gabinete Plastico Riel Din"},"content":{"rendered":"<p>La fuente switching Energy Saver FSE15HRD-19, con salida de 19V 0,8A 15W, ha sido desarrollada para tableros el\u00e9ctricos, automatizaci\u00f3n, control, instrumentaci\u00f3n y montajes sobre riel DIN. Se trata de una fuente de alimentaci\u00f3n conmutada de fabricaci\u00f3n propia, perteneciente a nuestra l\u00ednea industrial de alta gama, dise\u00f1ada para alta exigencia operativa y uso permanente.<\/p>\n<p>El modelo FSE15HRD 19 cuenta con gabinete pl\u00e1stico para riel DIN, lo que facilita un montaje ordenado y pr\u00e1ctico dentro de tableros y gabinetes el\u00e9ctricos. Est\u00e1 dise\u00f1ado para operar en forma continua 24\/7 a la m\u00e1xima potencia especificada, brindando larga duraci\u00f3n, buena vida \u00fatil y estabilidad de funcionamiento en aplicaciones t\u00e9cnicas e industriales.<\/p>\n","protected":false},"excerpt":{"rendered":"<p>Fuente Switching 19V 0,8A 15W Industrial Gabinete Plastico Riel Din<\/p>\n","protected":false},"featured_media":766,"template":"","meta":[],"product_brand":[27],"product_cat":[32,17,21],"product_tag":[],"familia":[433],"combinaciones_multiples":[],"class_list":{"0":"post-216","1":"product","2":"type-product","3":"status-publish","4":"has-post-thumbnail","6":"product_brand-energy-saver","7":"product_cat-fuentes-19v","8":"product_cat-fuentes-switching-ac-dc","9":"product_cat-tension-de-salida","10":"product_shipping_class-correo-argentino","11":"familia-fse15hrd","13":"first","14":"onbackorder","15":"taxable","16":"shipping-taxable","17":"purchasable","18":"product-type-simple"},"ct_brands":[{"id":27,"name":"Energy Saver","slug":"energy-saver"}],"_links":{"self":[{"href":"https:\/\/energysaver.com.ar\/home\/wp-json\/wp\/v2\/product\/216","targetHints":{"allow":["GET"]}}],"collection":[{"href":"https:\/\/energysaver.com.ar\/home\/wp-json\/wp\/v2\/product"}],"about":[{"href":"https:\/\/energysaver.com.ar\/home\/wp-json\/wp\/v2\/types\/product"}],"wp:featuredmedia":[{"embeddable":true,"href":"https:\/\/energysaver.com.ar\/home\/wp-json\/wp\/v2\/media\/766"}],"wp:attachment":[{"href":"https:\/\/energysaver.com.ar\/home\/wp-json\/wp\/v2\/media?parent=216"}],"wp:term":[{"taxonomy":"product_brand","embeddable":true,"href":"https:\/\/energysaver.com.ar\/home\/wp-json\/wp\/v2\/product_brand?post=216"},{"taxonomy":"product_cat","embeddable":true,"href":"https:\/\/energysaver.com.ar\/home\/wp-json\/wp\/v2\/product_cat?post=216"},{"taxonomy":"product_tag","embeddable":true,"href":"https:\/\/energysaver.com.ar\/home\/wp-json\/wp\/v2\/product_tag?post=216"},{"taxonomy":"familia","embeddable":true,"href":"https:\/\/energysaver.com.ar\/home\/wp-json\/wp\/v2\/familia?post=216"},{"taxonomy":"combinaciones_multiples","embeddable":true,"href":"https:\/\/energysaver.com.ar\/home\/wp-json\/wp\/v2\/combinaciones_multiples?post=216"}],"curies":[{"name":"wp","href":"https:\/\/api.w.org\/{rel}","templated":true}]}}