{"id":2098,"date":"2026-04-09T16:55:33","date_gmt":"2026-04-09T19:55:33","guid":{"rendered":"https:\/\/energysaver.com.ar\/home\/shop\/driver-led-mean-well-54vcc-1-78a-96-12w-cvcc-potenciometro-metalico-ip65-elg-100-54a\/"},"modified":"2026-04-12T13:10:45","modified_gmt":"2026-04-12T16:10:45","slug":"elg-100-54a","status":"publish","type":"product","link":"https:\/\/energysaver.com.ar\/home\/shop\/drivers-led\/elg-100-54a\/","title":{"rendered":"Driver LED Mean Well 54Vcc 1.78A 96.12W CV+CC Potenciometro Metalico IP65 | ELG-100-54A"},"content":{"rendered":"<p>El ELG-100-54A de Mean Well es un driver LED de 96.12W con salida 54Vcc y corriente nominal de 1.78A, disenado para trabajar en modo CV+CC. Acepta entrada 100 ~ 305Vac \/ 142 ~ 431Vdc continue,320Vac \/ for 24Hrs; 360Vac \/ for 1Hr y utiliza gabinete metalico con proteccion IP65.<\/p>\n<p>Esta version permite ajuste interno mediante potenciometro. La serie ELG-100 esta pensada para aplicaciones de iluminacion LED exigentes, con funcionamiento por conveccion natural, uso interior o exterior y factor de potencia activo integrado.<\/p>\n","protected":false},"excerpt":{"rendered":"<p>Driver LED Mean Well de alta gama de 54Vcc 1.78A 96.12W, salida CV+CC, ajuste por potenci\u00f3metro, en formato met\u00e1lico IP65, de calidad industrial para uso continuo, ideal para uso interior o exterior y iluminaci\u00f3n LED exigente.<\/p>\n","protected":false},"featured_media":2054,"template":"","meta":[],"product_brand":[387],"product_cat":[344],"product_tag":[],"familia":[1256],"combinaciones_multiples":[],"class_list":{"0":"post-2098","1":"product","2":"type-product","3":"status-publish","4":"has-post-thumbnail","6":"product_brand-mean-well","7":"product_cat-drivers-led","8":"product_shipping_class-correo-argentino","9":"familia-elg-100","11":"first","12":"onbackorder","13":"taxable","14":"shipping-taxable","15":"product-type-simple"},"ct_brands":[{"id":387,"name":"Mean Well","slug":"mean-well"}],"_links":{"self":[{"href":"https:\/\/energysaver.com.ar\/home\/wp-json\/wp\/v2\/product\/2098","targetHints":{"allow":["GET"]}}],"collection":[{"href":"https:\/\/energysaver.com.ar\/home\/wp-json\/wp\/v2\/product"}],"about":[{"href":"https:\/\/energysaver.com.ar\/home\/wp-json\/wp\/v2\/types\/product"}],"wp:featuredmedia":[{"embeddable":true,"href":"https:\/\/energysaver.com.ar\/home\/wp-json\/wp\/v2\/media\/2054"}],"wp:attachment":[{"href":"https:\/\/energysaver.com.ar\/home\/wp-json\/wp\/v2\/media?parent=2098"}],"wp:term":[{"taxonomy":"product_brand","embeddable":true,"href":"https:\/\/energysaver.com.ar\/home\/wp-json\/wp\/v2\/product_brand?post=2098"},{"taxonomy":"product_cat","embeddable":true,"href":"https:\/\/energysaver.com.ar\/home\/wp-json\/wp\/v2\/product_cat?post=2098"},{"taxonomy":"product_tag","embeddable":true,"href":"https:\/\/energysaver.com.ar\/home\/wp-json\/wp\/v2\/product_tag?post=2098"},{"taxonomy":"familia","embeddable":true,"href":"https:\/\/energysaver.com.ar\/home\/wp-json\/wp\/v2\/familia?post=2098"},{"taxonomy":"combinaciones_multiples","embeddable":true,"href":"https:\/\/energysaver.com.ar\/home\/wp-json\/wp\/v2\/combinaciones_multiples?post=2098"}],"curies":[{"name":"wp","href":"https:\/\/api.w.org\/{rel}","templated":true}]}}