{"id":201,"date":"2026-02-10T19:40:59","date_gmt":"2026-02-10T22:40:59","guid":{"rendered":"https:\/\/energysaver.com.ar\/home\/?post_type=product&#038;p=201"},"modified":"2026-03-23T16:52:10","modified_gmt":"2026-03-23T19:52:10","slug":"fsa25h-05","status":"publish","type":"product","link":"https:\/\/energysaver.com.ar\/home\/shop\/fsa25h-05\/","title":{"rendered":"Fuente Switching 5V 4A 20W Industrial Gabinete Plastico Adaptador"},"content":{"rendered":"<p>La fuente switching Energy Saver FSA25H-05, con salida de 5V 4A 20W, ha sido desarrollada para equipos electr\u00f3nicos, instrumental, dispositivos compactos, automatizaci\u00f3n liviana y otras aplicaciones t\u00e9cnicas. Se trata de una fuente de alimentaci\u00f3n conmutada de fabricaci\u00f3n propia, perteneciente a nuestra l\u00ednea industrial de alta gama, dise\u00f1ada para alta exigencia operativa y uso permanente.<\/p>\n<p>El modelo FSA25H 05 cuenta con gabinete pl\u00e1stico adaptador, pensado para aplicaciones donde se valora una soluci\u00f3n compacta, prolija y confiable. Su dise\u00f1o est\u00e1 orientado a trabajo continuo 24\/7 a la m\u00e1xima potencia especificada, ofreciendo larga duraci\u00f3n, buena vida \u00fatil y estabilidad en servicio permanente.<\/p>\n","protected":false},"excerpt":{"rendered":"<p>Fuente Switching 5V 4A 20W Industrial Gabinete Plastico Adaptador<\/p>\n","protected":false},"featured_media":0,"template":"","meta":[],"product_brand":[27],"product_cat":[50,17,21],"product_tag":[],"familia":[395],"combinaciones_multiples":[],"class_list":{"0":"post-201","1":"product","2":"type-product","3":"status-publish","5":"product_brand-energy-saver","6":"product_cat-fuentes-5v","7":"product_cat-fuentes-switching-ac-dc","8":"product_cat-tension-de-salida","9":"product_shipping_class-correo-argentino","10":"familia-fsa25h","12":"first","13":"onbackorder","14":"taxable","15":"shipping-taxable","16":"purchasable","17":"product-type-simple"},"ct_brands":[{"id":27,"name":"Energy Saver","slug":"energy-saver"}],"_links":{"self":[{"href":"https:\/\/energysaver.com.ar\/home\/wp-json\/wp\/v2\/product\/201","targetHints":{"allow":["GET"]}}],"collection":[{"href":"https:\/\/energysaver.com.ar\/home\/wp-json\/wp\/v2\/product"}],"about":[{"href":"https:\/\/energysaver.com.ar\/home\/wp-json\/wp\/v2\/types\/product"}],"wp:attachment":[{"href":"https:\/\/energysaver.com.ar\/home\/wp-json\/wp\/v2\/media?parent=201"}],"wp:term":[{"taxonomy":"product_brand","embeddable":true,"href":"https:\/\/energysaver.com.ar\/home\/wp-json\/wp\/v2\/product_brand?post=201"},{"taxonomy":"product_cat","embeddable":true,"href":"https:\/\/energysaver.com.ar\/home\/wp-json\/wp\/v2\/product_cat?post=201"},{"taxonomy":"product_tag","embeddable":true,"href":"https:\/\/energysaver.com.ar\/home\/wp-json\/wp\/v2\/product_tag?post=201"},{"taxonomy":"familia","embeddable":true,"href":"https:\/\/energysaver.com.ar\/home\/wp-json\/wp\/v2\/familia?post=201"},{"taxonomy":"combinaciones_multiples","embeddable":true,"href":"https:\/\/energysaver.com.ar\/home\/wp-json\/wp\/v2\/combinaciones_multiples?post=201"}],"curies":[{"name":"wp","href":"https:\/\/api.w.org\/{rel}","templated":true}]}}