{"id":198,"date":"2026-02-10T19:40:59","date_gmt":"2026-02-10T22:40:59","guid":{"rendered":"https:\/\/energysaver.com.ar\/home\/?post_type=product&#038;p=198"},"modified":"2026-03-23T16:52:09","modified_gmt":"2026-03-23T19:52:09","slug":"fsa15h-42","status":"publish","type":"product","link":"https:\/\/energysaver.com.ar\/home\/shop\/fsa15h-42\/","title":{"rendered":"Fuente Switching 42V 0,4A 15W Industrial Gabinete Plastico Adaptador"},"content":{"rendered":"<p>La fuente switching Energy Saver FSA15H-42, con salida de 42V 0,4A 15W, ha sido desarrollada para equipos electr\u00f3nicos, instrumental, dispositivos compactos, automatizaci\u00f3n liviana y otras aplicaciones t\u00e9cnicas. Se trata de una fuente de alimentaci\u00f3n conmutada de fabricaci\u00f3n propia, perteneciente a nuestra l\u00ednea industrial de alta gama, dise\u00f1ada para alta exigencia operativa y uso permanente.<\/p>\n<p>El modelo FSA15H 42 se presenta en gabinete pl\u00e1stico tipo adaptador, una soluci\u00f3n pr\u00e1ctica y compacta para instalaciones t\u00e9cnicas y equipos de uso general. Est\u00e1 dise\u00f1ado para operar en forma continua 24\/7 a la m\u00e1xima potencia especificada, brindando larga duraci\u00f3n, buena vida \u00fatil y un funcionamiento confiable a lo largo del tiempo.<\/p>\n","protected":false},"excerpt":{"rendered":"<p>Fuente Switching 42V 0,4A 15W Industrial Gabinete Plastico Adaptador<\/p>\n","protected":false},"featured_media":763,"template":"","meta":[],"product_brand":[27],"product_cat":[38,17,21],"product_tag":[],"familia":[393],"combinaciones_multiples":[],"class_list":{"0":"post-198","1":"product","2":"type-product","3":"status-publish","4":"has-post-thumbnail","6":"product_brand-energy-saver","7":"product_cat-fuentes-42v","8":"product_cat-fuentes-switching-ac-dc","9":"product_cat-tension-de-salida","10":"product_shipping_class-correo-argentino","11":"familia-fsa15h","13":"first","14":"onbackorder","15":"taxable","16":"shipping-taxable","17":"purchasable","18":"product-type-simple"},"ct_brands":[{"id":27,"name":"Energy Saver","slug":"energy-saver"}],"_links":{"self":[{"href":"https:\/\/energysaver.com.ar\/home\/wp-json\/wp\/v2\/product\/198","targetHints":{"allow":["GET"]}}],"collection":[{"href":"https:\/\/energysaver.com.ar\/home\/wp-json\/wp\/v2\/product"}],"about":[{"href":"https:\/\/energysaver.com.ar\/home\/wp-json\/wp\/v2\/types\/product"}],"wp:featuredmedia":[{"embeddable":true,"href":"https:\/\/energysaver.com.ar\/home\/wp-json\/wp\/v2\/media\/763"}],"wp:attachment":[{"href":"https:\/\/energysaver.com.ar\/home\/wp-json\/wp\/v2\/media?parent=198"}],"wp:term":[{"taxonomy":"product_brand","embeddable":true,"href":"https:\/\/energysaver.com.ar\/home\/wp-json\/wp\/v2\/product_brand?post=198"},{"taxonomy":"product_cat","embeddable":true,"href":"https:\/\/energysaver.com.ar\/home\/wp-json\/wp\/v2\/product_cat?post=198"},{"taxonomy":"product_tag","embeddable":true,"href":"https:\/\/energysaver.com.ar\/home\/wp-json\/wp\/v2\/product_tag?post=198"},{"taxonomy":"familia","embeddable":true,"href":"https:\/\/energysaver.com.ar\/home\/wp-json\/wp\/v2\/familia?post=198"},{"taxonomy":"combinaciones_multiples","embeddable":true,"href":"https:\/\/energysaver.com.ar\/home\/wp-json\/wp\/v2\/combinaciones_multiples?post=198"}],"curies":[{"name":"wp","href":"https:\/\/api.w.org\/{rel}","templated":true}]}}