{"id":197,"date":"2026-02-10T19:40:58","date_gmt":"2026-02-10T22:40:58","guid":{"rendered":"https:\/\/energysaver.com.ar\/home\/?post_type=product&#038;p=197"},"modified":"2026-03-23T16:52:09","modified_gmt":"2026-03-23T19:52:09","slug":"fsa15h-36","status":"publish","type":"product","link":"https:\/\/energysaver.com.ar\/home\/shop\/fsa15h-36\/","title":{"rendered":"Fuente Switching 36V 0,5A 15W Industrial Gabinete Plastico Adaptador"},"content":{"rendered":"<p>Fuente de alimentaci\u00f3n conmutada Energy Saver FSA15H-36, con salida de 36V 0,5A 15W, desarrollada para equipos electr\u00f3nicos, instrumental, dispositivos compactos, automatizaci\u00f3n liviana y otras aplicaciones t\u00e9cnicas. Esta fuente switching de fabricaci\u00f3n propia pertenece a nuestra l\u00ednea industrial de alta gama, pensada para aplicaciones de alta exigencia operativa y trabajo continuo.<\/p>\n<p>El modelo FSA15H 36 cuenta con gabinete pl\u00e1stico adaptador, pensado para aplicaciones donde se valora una soluci\u00f3n compacta, prolija y confiable. Su dise\u00f1o est\u00e1 orientado a trabajo continuo 24\/7 a la m\u00e1xima potencia especificada, ofreciendo larga duraci\u00f3n, buena vida \u00fatil y estabilidad en servicio permanente.<\/p>\n","protected":false},"excerpt":{"rendered":"<p>Fuente Switching 36V 0,5A 15W Industrial Gabinete Plastico Adaptador<\/p>\n","protected":false},"featured_media":763,"template":"","meta":[],"product_brand":[27],"product_cat":[36,17,21],"product_tag":[],"familia":[393],"combinaciones_multiples":[],"class_list":{"0":"post-197","1":"product","2":"type-product","3":"status-publish","4":"has-post-thumbnail","6":"product_brand-energy-saver","7":"product_cat-fuentes-36v","8":"product_cat-fuentes-switching-ac-dc","9":"product_cat-tension-de-salida","10":"product_shipping_class-correo-argentino","11":"familia-fsa15h","13":"first","14":"onbackorder","15":"taxable","16":"shipping-taxable","17":"purchasable","18":"product-type-simple"},"ct_brands":[{"id":27,"name":"Energy Saver","slug":"energy-saver"}],"_links":{"self":[{"href":"https:\/\/energysaver.com.ar\/home\/wp-json\/wp\/v2\/product\/197","targetHints":{"allow":["GET"]}}],"collection":[{"href":"https:\/\/energysaver.com.ar\/home\/wp-json\/wp\/v2\/product"}],"about":[{"href":"https:\/\/energysaver.com.ar\/home\/wp-json\/wp\/v2\/types\/product"}],"wp:featuredmedia":[{"embeddable":true,"href":"https:\/\/energysaver.com.ar\/home\/wp-json\/wp\/v2\/media\/763"}],"wp:attachment":[{"href":"https:\/\/energysaver.com.ar\/home\/wp-json\/wp\/v2\/media?parent=197"}],"wp:term":[{"taxonomy":"product_brand","embeddable":true,"href":"https:\/\/energysaver.com.ar\/home\/wp-json\/wp\/v2\/product_brand?post=197"},{"taxonomy":"product_cat","embeddable":true,"href":"https:\/\/energysaver.com.ar\/home\/wp-json\/wp\/v2\/product_cat?post=197"},{"taxonomy":"product_tag","embeddable":true,"href":"https:\/\/energysaver.com.ar\/home\/wp-json\/wp\/v2\/product_tag?post=197"},{"taxonomy":"familia","embeddable":true,"href":"https:\/\/energysaver.com.ar\/home\/wp-json\/wp\/v2\/familia?post=197"},{"taxonomy":"combinaciones_multiples","embeddable":true,"href":"https:\/\/energysaver.com.ar\/home\/wp-json\/wp\/v2\/combinaciones_multiples?post=197"}],"curies":[{"name":"wp","href":"https:\/\/api.w.org\/{rel}","templated":true}]}}