{"id":1835,"date":"2026-03-25T17:46:32","date_gmt":"2026-03-25T20:46:32","guid":{"rendered":"https:\/\/energysaver.com.ar\/home\/shop\/convertidor-mean-well-1872vcc-a-12v-25a-30w-industrial-gabinete-metalico-modular-apto-transporte-rsd-30l-12\/"},"modified":"2026-03-26T14:27:47","modified_gmt":"2026-03-26T17:27:47","slug":"convertidor-mean-well-1872vcc-a-12v-25a-30w-industrial-gabinete-metalico-modular-apto-transporte-rsd-30l-12","status":"publish","type":"product","link":"https:\/\/energysaver.com.ar\/home\/shop\/convertidor-mean-well-1872vcc-a-12v-25a-30w-industrial-gabinete-metalico-modular-apto-transporte-rsd-30l-12\/","title":{"rendered":"Convertidor Mean Well 18~72Vcc a 12V 2,5A 30W Industrial Gabinete Metalico Modular Apto Transporte | RSD-30L-12"},"content":{"rendered":"<p>Convertidor DC\/DC Mean Well RSD-30L-12, con entrada de 18~72Vcc y salida de 12V 2,5A 30W, pensado para aplicaciones de transporte, material rodante, telecomunicaciones, sistemas embarcados y entornos de alta exigencia operativa. Este convertidor conmutado DC\/DC combina gabinete met\u00e1lico de bajo perfil, ventilaci\u00f3n por convecci\u00f3n natural y aislaci\u00f3n reforzada de 4KVdc, siendo especialmente apto para instalaciones sometidas a vibraciones, polvo y temperaturas exigentes.<\/p>\n<p>El modelo RSD30L-12 cumple con normas ferroviarias EN50155 y EN45545-2, incorpora limitaci\u00f3n de corriente constante, indicador LED y protecciones contra cortocircuito, sobrecarga, sobretensi\u00f3n e inversi\u00f3n de polaridad de entrada. Por su construcci\u00f3n semi encapsulada y su orientaci\u00f3n a uso en transporte, RSD 30L 12 resulta un convertidor muy adecuado para buses, trenes, metro y aplicaciones industriales severas.<\/p>\n","protected":false},"excerpt":{"rendered":"<p>Convertidor DC\/DC Mean Well de 18~72Vcc a 12V 2,5A 30W industrial en gabinete metalico, apto para uso transporte.<\/p>\n","protected":false},"featured_media":1685,"template":"","meta":[],"product_brand":[387],"product_cat":[343],"product_tag":[],"familia":[],"combinaciones_multiples":[],"class_list":{"0":"post-1835","1":"product","2":"type-product","3":"status-publish","4":"has-post-thumbnail","6":"product_brand-meanwell","7":"product_cat-convertidores-dc-dc","8":"product_shipping_class-correo-argentino","10":"first","11":"onbackorder","12":"taxable","13":"shipping-taxable","14":"product-type-simple"},"ct_brands":[{"id":387,"name":"Mean Well","slug":"meanwell"}],"_links":{"self":[{"href":"https:\/\/energysaver.com.ar\/home\/wp-json\/wp\/v2\/product\/1835","targetHints":{"allow":["GET"]}}],"collection":[{"href":"https:\/\/energysaver.com.ar\/home\/wp-json\/wp\/v2\/product"}],"about":[{"href":"https:\/\/energysaver.com.ar\/home\/wp-json\/wp\/v2\/types\/product"}],"wp:featuredmedia":[{"embeddable":true,"href":"https:\/\/energysaver.com.ar\/home\/wp-json\/wp\/v2\/media\/1685"}],"wp:attachment":[{"href":"https:\/\/energysaver.com.ar\/home\/wp-json\/wp\/v2\/media?parent=1835"}],"wp:term":[{"taxonomy":"product_brand","embeddable":true,"href":"https:\/\/energysaver.com.ar\/home\/wp-json\/wp\/v2\/product_brand?post=1835"},{"taxonomy":"product_cat","embeddable":true,"href":"https:\/\/energysaver.com.ar\/home\/wp-json\/wp\/v2\/product_cat?post=1835"},{"taxonomy":"product_tag","embeddable":true,"href":"https:\/\/energysaver.com.ar\/home\/wp-json\/wp\/v2\/product_tag?post=1835"},{"taxonomy":"familia","embeddable":true,"href":"https:\/\/energysaver.com.ar\/home\/wp-json\/wp\/v2\/familia?post=1835"},{"taxonomy":"combinaciones_multiples","embeddable":true,"href":"https:\/\/energysaver.com.ar\/home\/wp-json\/wp\/v2\/combinaciones_multiples?post=1835"}],"curies":[{"name":"wp","href":"https:\/\/api.w.org\/{rel}","templated":true}]}}