{"id":178,"date":"2026-02-10T19:40:47","date_gmt":"2026-02-10T22:40:47","guid":{"rendered":"https:\/\/energysaver.com.ar\/home\/?post_type=product&#038;p=178"},"modified":"2026-03-23T16:52:06","modified_gmt":"2026-03-23T19:52:06","slug":"fso150hx-24","status":"publish","type":"product","link":"https:\/\/energysaver.com.ar\/home\/shop\/fso150hx-24\/","title":{"rendered":"Fuente Switching 24V 6,3A 150W Industrial Sin Gabinete"},"content":{"rendered":"<p>Fuente switching Energy Saver FSO150HX-24, con salida de 24V 6,3A 150W, desarrollada para integraci\u00f3n en equipos, automatizaci\u00f3n, instrumentaci\u00f3n, bancos de ensayo, tableros y desarrollos especiales. Como parte de nuestra l\u00ednea de fabricaci\u00f3n propia, esta fuente de alimentaci\u00f3n conmutada industrial de alta gama est\u00e1 pensada para servicio continuo y alta exigencia operativa.<\/p>\n<p>El modelo FSO150HX 24 se entrega sin gabinete, lo que facilita su integraci\u00f3n dentro de equipos, tableros, bancos de ensayo y montajes especiales. Su construcci\u00f3n est\u00e1 orientada a operar en forma continua 24\/7 a la m\u00e1xima potencia especificada, ofreciendo larga duraci\u00f3n, buena vida \u00fatil y un desempe\u00f1o confiable en aplicaciones t\u00e9cnicas e industriales.<\/p>\n","protected":false},"excerpt":{"rendered":"<p>Fuente Switching 24V 6,3A 150W Industrial Sin Gabinete<\/p>\n","protected":false},"featured_media":769,"template":"","meta":[],"product_brand":[27],"product_cat":[34,17,21],"product_tag":[],"familia":[432],"combinaciones_multiples":[],"class_list":{"0":"post-178","1":"product","2":"type-product","3":"status-publish","4":"has-post-thumbnail","6":"product_brand-energy-saver","7":"product_cat-fuentes-24v","8":"product_cat-fuentes-switching-ac-dc","9":"product_cat-tension-de-salida","10":"product_shipping_class-correo-argentino","11":"familia-fso150hx","13":"first","14":"onbackorder","15":"taxable","16":"shipping-taxable","17":"purchasable","18":"product-type-simple"},"ct_brands":[{"id":27,"name":"Energy Saver","slug":"energy-saver"}],"_links":{"self":[{"href":"https:\/\/energysaver.com.ar\/home\/wp-json\/wp\/v2\/product\/178","targetHints":{"allow":["GET"]}}],"collection":[{"href":"https:\/\/energysaver.com.ar\/home\/wp-json\/wp\/v2\/product"}],"about":[{"href":"https:\/\/energysaver.com.ar\/home\/wp-json\/wp\/v2\/types\/product"}],"wp:featuredmedia":[{"embeddable":true,"href":"https:\/\/energysaver.com.ar\/home\/wp-json\/wp\/v2\/media\/769"}],"wp:attachment":[{"href":"https:\/\/energysaver.com.ar\/home\/wp-json\/wp\/v2\/media?parent=178"}],"wp:term":[{"taxonomy":"product_brand","embeddable":true,"href":"https:\/\/energysaver.com.ar\/home\/wp-json\/wp\/v2\/product_brand?post=178"},{"taxonomy":"product_cat","embeddable":true,"href":"https:\/\/energysaver.com.ar\/home\/wp-json\/wp\/v2\/product_cat?post=178"},{"taxonomy":"product_tag","embeddable":true,"href":"https:\/\/energysaver.com.ar\/home\/wp-json\/wp\/v2\/product_tag?post=178"},{"taxonomy":"familia","embeddable":true,"href":"https:\/\/energysaver.com.ar\/home\/wp-json\/wp\/v2\/familia?post=178"},{"taxonomy":"combinaciones_multiples","embeddable":true,"href":"https:\/\/energysaver.com.ar\/home\/wp-json\/wp\/v2\/combinaciones_multiples?post=178"}],"curies":[{"name":"wp","href":"https:\/\/api.w.org\/{rel}","templated":true}]}}