{"id":1595,"date":"2026-03-17T14:14:59","date_gmt":"2026-03-17T17:14:59","guid":{"rendered":"https:\/\/energysaver.com.ar\/home\/shop\/fuente-switching-48v-10a-480w-industrial-gabinete-metalico-riel-din-3\/"},"modified":"2026-03-23T17:58:12","modified_gmt":"2026-03-23T20:58:12","slug":"wdr-480-48","status":"publish","type":"product","link":"https:\/\/energysaver.com.ar\/home\/shop\/wdr-480-48\/","title":{"rendered":"Fuente Switching Mean Well 48V 10A 480W Industrial PFC Riel Din | WDR-480-48"},"content":{"rendered":"<p>Fuente de alimentaci\u00f3n conmutada Mean Well WDR-480-48, con salida de 48V 10A 480W, desarrollada para automatizaci\u00f3n, control industrial, telecomunicaciones, seguridad y tableros el\u00e9ctricos con montaje sobre riel DIN. Esta fuente switching industrial pertenece a una serie de ancho angosto, muy \u00fatil cuando se necesita ahorrar espacio y trabajar con entradas AC poco convencionales.<\/p>\n<p>El modelo WDR480-48 trabaja con entrada ultra amplia para sistemas monof\u00e1sicos o bif\u00e1sicos (180~550Vac), ventilaci\u00f3n natural, aislamiento reforzado, salida ajustable y contacto DC OK, adem\u00e1s de protecciones contra cortocircuito, sobrecarga, sobretensi\u00f3n y sobretemperatura. Por su formato slim y su flexibilidad de alimentaci\u00f3n, WDR480-48 es una fuente de alimentaci\u00f3n muy pr\u00e1ctica para instalaciones industriales compactas.<\/p>\n","protected":false},"excerpt":{"rendered":"<p>Fuente de alimentaci\u00f3n conmutada Mean Well WDR-480-48, con salida de 48V 10A 480W, desarrollada para automatizaci\u00f3n, control industrial, telecomunicaciones, seguridad y tableros el\u00e9ctricos con montaje sobre riel DIN. Esta fuente switching industrial pertenece a una serie de ancho angosto, muy \u00fatil cuando se necesita ahorrar espacio y trabajar con entradas AC poco convencionales. El modelo [&hellip;]<\/p>\n","protected":false},"featured_media":1535,"template":"","meta":[],"product_brand":[387],"product_cat":[40,17,21],"product_tag":[],"familia":[647],"combinaciones_multiples":[],"class_list":{"0":"post-1595","1":"product","2":"type-product","3":"status-publish","4":"has-post-thumbnail","6":"product_brand-meanwell","7":"product_cat-fuentes-48v","8":"product_cat-fuentes-switching-ac-dc","9":"product_cat-tension-de-salida","10":"product_shipping_class-correo-argentino","11":"familia-wdr-480","13":"first","14":"onbackorder","15":"taxable","16":"shipping-taxable","17":"product-type-simple"},"ct_brands":[{"id":387,"name":"Mean Well","slug":"meanwell"}],"_links":{"self":[{"href":"https:\/\/energysaver.com.ar\/home\/wp-json\/wp\/v2\/product\/1595","targetHints":{"allow":["GET"]}}],"collection":[{"href":"https:\/\/energysaver.com.ar\/home\/wp-json\/wp\/v2\/product"}],"about":[{"href":"https:\/\/energysaver.com.ar\/home\/wp-json\/wp\/v2\/types\/product"}],"wp:featuredmedia":[{"embeddable":true,"href":"https:\/\/energysaver.com.ar\/home\/wp-json\/wp\/v2\/media\/1535"}],"wp:attachment":[{"href":"https:\/\/energysaver.com.ar\/home\/wp-json\/wp\/v2\/media?parent=1595"}],"wp:term":[{"taxonomy":"product_brand","embeddable":true,"href":"https:\/\/energysaver.com.ar\/home\/wp-json\/wp\/v2\/product_brand?post=1595"},{"taxonomy":"product_cat","embeddable":true,"href":"https:\/\/energysaver.com.ar\/home\/wp-json\/wp\/v2\/product_cat?post=1595"},{"taxonomy":"product_tag","embeddable":true,"href":"https:\/\/energysaver.com.ar\/home\/wp-json\/wp\/v2\/product_tag?post=1595"},{"taxonomy":"familia","embeddable":true,"href":"https:\/\/energysaver.com.ar\/home\/wp-json\/wp\/v2\/familia?post=1595"},{"taxonomy":"combinaciones_multiples","embeddable":true,"href":"https:\/\/energysaver.com.ar\/home\/wp-json\/wp\/v2\/combinaciones_multiples?post=1595"}],"curies":[{"name":"wp","href":"https:\/\/api.w.org\/{rel}","templated":true}]}}