{"id":1586,"date":"2026-03-17T14:14:52","date_gmt":"2026-03-17T17:14:52","guid":{"rendered":"https:\/\/energysaver.com.ar\/home\/shop\/fuente-switching-12v-5a-60w-industrial-gabinete-metalico-riel-din\/"},"modified":"2026-03-23T17:58:11","modified_gmt":"2026-03-23T20:58:11","slug":"wdr-60-12","status":"publish","type":"product","link":"https:\/\/energysaver.com.ar\/home\/shop\/wdr-60-12\/","title":{"rendered":"Fuente Switching Mean Well 12V 5A 60W Industrial Riel Din | WDR-60-12"},"content":{"rendered":"<p>Fuente de alimentaci\u00f3n conmutada Mean Well WDR-60-12, con salida de 12V 5A 60W, desarrollada para automatizaci\u00f3n, control industrial, telecomunicaciones, seguridad y tableros el\u00e9ctricos con montaje sobre riel DIN. Esta fuente switching industrial pertenece a una serie de ancho angosto, muy \u00fatil cuando se necesita ahorrar espacio y trabajar con entradas AC poco convencionales.<\/p>\n<p>El modelo WDR60-12 trabaja con entrada ultra amplia para sistemas monof\u00e1sicos o bif\u00e1sicos (180~550Vac), ventilaci\u00f3n natural, aislamiento reforzado, salida ajustable y contacto DC OK, adem\u00e1s de protecciones contra cortocircuito, sobrecarga, sobretensi\u00f3n y sobretemperatura. Por su formato slim y su flexibilidad de alimentaci\u00f3n, WDR60-12 es una fuente de alimentaci\u00f3n muy pr\u00e1ctica para instalaciones industriales compactas.<\/p>\n","protected":false},"excerpt":{"rendered":"<p>Fuente de alimentaci\u00f3n conmutada Mean Well WDR-60-12, con salida de 12V 5A 60W, desarrollada para automatizaci\u00f3n, control industrial, telecomunicaciones, seguridad y tableros el\u00e9ctricos con montaje sobre riel DIN. Esta fuente switching industrial pertenece a una serie de ancho angosto, muy \u00fatil cuando se necesita ahorrar espacio y trabajar con entradas AC poco convencionales. El modelo [&hellip;]<\/p>\n","protected":false},"featured_media":1529,"template":"","meta":[],"product_brand":[387],"product_cat":[22,17,21],"product_tag":[],"familia":[642],"combinaciones_multiples":[],"class_list":{"0":"post-1586","1":"product","2":"type-product","3":"status-publish","4":"has-post-thumbnail","6":"product_brand-meanwell","7":"product_cat-fuentes-12v","8":"product_cat-fuentes-switching-ac-dc","9":"product_cat-tension-de-salida","10":"product_shipping_class-correo-argentino","11":"familia-wdr-60","13":"first","14":"onbackorder","15":"taxable","16":"shipping-taxable","17":"product-type-simple"},"ct_brands":[{"id":387,"name":"Mean Well","slug":"meanwell"}],"_links":{"self":[{"href":"https:\/\/energysaver.com.ar\/home\/wp-json\/wp\/v2\/product\/1586","targetHints":{"allow":["GET"]}}],"collection":[{"href":"https:\/\/energysaver.com.ar\/home\/wp-json\/wp\/v2\/product"}],"about":[{"href":"https:\/\/energysaver.com.ar\/home\/wp-json\/wp\/v2\/types\/product"}],"wp:featuredmedia":[{"embeddable":true,"href":"https:\/\/energysaver.com.ar\/home\/wp-json\/wp\/v2\/media\/1529"}],"wp:attachment":[{"href":"https:\/\/energysaver.com.ar\/home\/wp-json\/wp\/v2\/media?parent=1586"}],"wp:term":[{"taxonomy":"product_brand","embeddable":true,"href":"https:\/\/energysaver.com.ar\/home\/wp-json\/wp\/v2\/product_brand?post=1586"},{"taxonomy":"product_cat","embeddable":true,"href":"https:\/\/energysaver.com.ar\/home\/wp-json\/wp\/v2\/product_cat?post=1586"},{"taxonomy":"product_tag","embeddable":true,"href":"https:\/\/energysaver.com.ar\/home\/wp-json\/wp\/v2\/product_tag?post=1586"},{"taxonomy":"familia","embeddable":true,"href":"https:\/\/energysaver.com.ar\/home\/wp-json\/wp\/v2\/familia?post=1586"},{"taxonomy":"combinaciones_multiples","embeddable":true,"href":"https:\/\/energysaver.com.ar\/home\/wp-json\/wp\/v2\/combinaciones_multiples?post=1586"}],"curies":[{"name":"wp","href":"https:\/\/api.w.org\/{rel}","templated":true}]}}