{"id":1575,"date":"2026-03-17T14:14:48","date_gmt":"2026-03-17T17:14:48","guid":{"rendered":"https:\/\/energysaver.com.ar\/home\/shop\/fuente-switching-48v-16a-75w-industrial-gabinete-metalico-riel-din-2\/"},"modified":"2026-03-23T17:58:09","modified_gmt":"2026-03-23T20:58:09","slug":"sdr-75-48","status":"publish","type":"product","link":"https:\/\/energysaver.com.ar\/home\/shop\/sdr-75-48\/","title":{"rendered":"Fuente Switching Mean Well 48V 1,6A 75W Industrial Riel Din | SDR-75-48"},"content":{"rendered":"<p>Fuente switching industrial Mean Well SDR-75-48, con salida de 48V 1,6A 76,8W, desarrollada para automatizaci\u00f3n, control industrial y tableros el\u00e9ctricos con montaje sobre riel DIN. Esta fuente de alimentaci\u00f3n conmutada pertenece a una serie robusta de alto rendimiento, orientada a aplicaciones que requieren buena reserva de sobrecarga y funcionamiento estable.<\/p>\n<p>El modelo SDR75-48 trabaja con entrada AC\/DC de amplio rango (88~264Vac \/ 124~370Vdc), ventilaci\u00f3n natural y capacidad de pico de hasta el 150% durante 3 segundos, adem\u00e1s de protecciones integradas y montaje sobre riel TS-35. Por su robustez y su inmunidad industrial, SDR75-48 es una fuente de alimentaci\u00f3n muy adecuada para automatizaci\u00f3n y servicio continuo.<\/p>\n","protected":false},"excerpt":{"rendered":"<p>Fuente switching industrial Mean Well SDR-75-48, con salida de 48V 1,6A 76,8W, desarrollada para automatizaci\u00f3n, control industrial y tableros el\u00e9ctricos con montaje sobre riel DIN. Esta fuente de alimentaci\u00f3n conmutada pertenece a una serie robusta de alto rendimiento, orientada a aplicaciones que requieren buena reserva de sobrecarga y funcionamiento estable. El modelo SDR75-48 trabaja con [&hellip;]<\/p>\n","protected":false},"featured_media":1513,"template":"","meta":[],"product_brand":[387],"product_cat":[40,17,21],"product_tag":[],"familia":[637],"combinaciones_multiples":[],"class_list":{"0":"post-1575","1":"product","2":"type-product","3":"status-publish","4":"has-post-thumbnail","6":"product_brand-meanwell","7":"product_cat-fuentes-48v","8":"product_cat-fuentes-switching-ac-dc","9":"product_cat-tension-de-salida","10":"product_shipping_class-correo-argentino","11":"familia-sdr-75","13":"first","14":"onbackorder","15":"taxable","16":"shipping-taxable","17":"product-type-simple"},"ct_brands":[{"id":387,"name":"Mean Well","slug":"meanwell"}],"_links":{"self":[{"href":"https:\/\/energysaver.com.ar\/home\/wp-json\/wp\/v2\/product\/1575","targetHints":{"allow":["GET"]}}],"collection":[{"href":"https:\/\/energysaver.com.ar\/home\/wp-json\/wp\/v2\/product"}],"about":[{"href":"https:\/\/energysaver.com.ar\/home\/wp-json\/wp\/v2\/types\/product"}],"wp:featuredmedia":[{"embeddable":true,"href":"https:\/\/energysaver.com.ar\/home\/wp-json\/wp\/v2\/media\/1513"}],"wp:attachment":[{"href":"https:\/\/energysaver.com.ar\/home\/wp-json\/wp\/v2\/media?parent=1575"}],"wp:term":[{"taxonomy":"product_brand","embeddable":true,"href":"https:\/\/energysaver.com.ar\/home\/wp-json\/wp\/v2\/product_brand?post=1575"},{"taxonomy":"product_cat","embeddable":true,"href":"https:\/\/energysaver.com.ar\/home\/wp-json\/wp\/v2\/product_cat?post=1575"},{"taxonomy":"product_tag","embeddable":true,"href":"https:\/\/energysaver.com.ar\/home\/wp-json\/wp\/v2\/product_tag?post=1575"},{"taxonomy":"familia","embeddable":true,"href":"https:\/\/energysaver.com.ar\/home\/wp-json\/wp\/v2\/familia?post=1575"},{"taxonomy":"combinaciones_multiples","embeddable":true,"href":"https:\/\/energysaver.com.ar\/home\/wp-json\/wp\/v2\/combinaciones_multiples?post=1575"}],"curies":[{"name":"wp","href":"https:\/\/api.w.org\/{rel}","templated":true}]}}