{"id":146,"date":"2026-02-10T19:40:35","date_gmt":"2026-02-10T22:40:35","guid":{"rendered":"https:\/\/energysaver.com.ar\/home\/?post_type=product&#038;p=146"},"modified":"2026-03-23T16:52:01","modified_gmt":"2026-03-23T19:52:01","slug":"fso100hx-09","status":"publish","type":"product","link":"https:\/\/energysaver.com.ar\/home\/shop\/fso100hx-09\/","title":{"rendered":"Fuente Switching 9V 8,9A 80W Industrial Sin Gabinete"},"content":{"rendered":"<p>Fuente de alimentaci\u00f3n conmutada Energy Saver FSO100HX-09, con salida de 9V 8,9A 80W, desarrollada para integraci\u00f3n en equipos, automatizaci\u00f3n, instrumentaci\u00f3n, bancos de ensayo, tableros y desarrollos especiales. Esta fuente switching de fabricaci\u00f3n propia pertenece a nuestra l\u00ednea industrial de alta gama, pensada para aplicaciones de alta exigencia operativa y trabajo continuo.<\/p>\n<p>El modelo FSO100HX 09 se entrega sin gabinete, lo que facilita su integraci\u00f3n dentro de equipos, tableros, bancos de ensayo y montajes especiales. Su construcci\u00f3n est\u00e1 orientada a operar en forma continua 24\/7 a la m\u00e1xima potencia especificada, ofreciendo larga duraci\u00f3n, buena vida \u00fatil y un desempe\u00f1o confiable en aplicaciones t\u00e9cnicas e industriales.<\/p>\n","protected":false},"excerpt":{"rendered":"<p>Fuente Switching 9V 8,9A 80W Industrial Sin Gabinete<\/p>\n","protected":false},"featured_media":779,"template":"","meta":[],"product_brand":[27],"product_cat":[54,17,21],"product_tag":[],"familia":[429],"combinaciones_multiples":[],"class_list":{"0":"post-146","1":"product","2":"type-product","3":"status-publish","4":"has-post-thumbnail","6":"product_brand-energy-saver","7":"product_cat-fuentes-9v","8":"product_cat-fuentes-switching-ac-dc","9":"product_cat-tension-de-salida","10":"product_shipping_class-correo-argentino","11":"familia-fso100hx","13":"first","14":"onbackorder","15":"taxable","16":"shipping-taxable","17":"purchasable","18":"product-type-simple"},"ct_brands":[{"id":27,"name":"Energy Saver","slug":"energy-saver"}],"_links":{"self":[{"href":"https:\/\/energysaver.com.ar\/home\/wp-json\/wp\/v2\/product\/146","targetHints":{"allow":["GET"]}}],"collection":[{"href":"https:\/\/energysaver.com.ar\/home\/wp-json\/wp\/v2\/product"}],"about":[{"href":"https:\/\/energysaver.com.ar\/home\/wp-json\/wp\/v2\/types\/product"}],"wp:featuredmedia":[{"embeddable":true,"href":"https:\/\/energysaver.com.ar\/home\/wp-json\/wp\/v2\/media\/779"}],"wp:attachment":[{"href":"https:\/\/energysaver.com.ar\/home\/wp-json\/wp\/v2\/media?parent=146"}],"wp:term":[{"taxonomy":"product_brand","embeddable":true,"href":"https:\/\/energysaver.com.ar\/home\/wp-json\/wp\/v2\/product_brand?post=146"},{"taxonomy":"product_cat","embeddable":true,"href":"https:\/\/energysaver.com.ar\/home\/wp-json\/wp\/v2\/product_cat?post=146"},{"taxonomy":"product_tag","embeddable":true,"href":"https:\/\/energysaver.com.ar\/home\/wp-json\/wp\/v2\/product_tag?post=146"},{"taxonomy":"familia","embeddable":true,"href":"https:\/\/energysaver.com.ar\/home\/wp-json\/wp\/v2\/familia?post=146"},{"taxonomy":"combinaciones_multiples","embeddable":true,"href":"https:\/\/energysaver.com.ar\/home\/wp-json\/wp\/v2\/combinaciones_multiples?post=146"}],"curies":[{"name":"wp","href":"https:\/\/api.w.org\/{rel}","templated":true}]}}