{"id":143,"date":"2026-02-10T19:40:34","date_gmt":"2026-02-10T22:40:34","guid":{"rendered":"https:\/\/energysaver.com.ar\/home\/?post_type=product&#038;p=143"},"modified":"2026-03-23T16:52:01","modified_gmt":"2026-03-23T19:52:01","slug":"fso100hc-48","status":"publish","type":"product","link":"https:\/\/energysaver.com.ar\/home\/shop\/fso100hc-48\/","title":{"rendered":"Fuente Switching 48V 2,1A 100W Industrial Sin Gabinete"},"content":{"rendered":"<p>Fuente de alimentaci\u00f3n conmutada Energy Saver FSO100HC-48, con salida de 48V 2,1A 100W, desarrollada para integraci\u00f3n en equipos, automatizaci\u00f3n, instrumentaci\u00f3n, bancos de ensayo, tableros y desarrollos especiales. Esta fuente switching de fabricaci\u00f3n propia pertenece a nuestra l\u00ednea industrial de alta gama, pensada para aplicaciones de alta exigencia operativa y trabajo continuo.<\/p>\n<p>El modelo FSO100HC 48 se presenta en versi\u00f3n sin gabinete, una configuraci\u00f3n apropiada para integraciones a medida dentro de equipos y desarrollos especiales. Est\u00e1 dise\u00f1ado para trabajo continuo 24\/7 a la m\u00e1xima potencia especificada, con larga duraci\u00f3n, buena vida \u00fatil y funcionamiento confiable en servicio permanente.<\/p>\n","protected":false},"excerpt":{"rendered":"<p>Fuente Switching 48V 2,1A 100W Industrial Sin Gabinete<\/p>\n","protected":false},"featured_media":0,"template":"","meta":[],"product_brand":[27],"product_cat":[40,17,21],"product_tag":[],"familia":[428],"combinaciones_multiples":[],"class_list":{"0":"post-143","1":"product","2":"type-product","3":"status-publish","5":"product_brand-energy-saver","6":"product_cat-fuentes-48v","7":"product_cat-fuentes-switching-ac-dc","8":"product_cat-tension-de-salida","9":"product_shipping_class-correo-argentino","10":"familia-fso100hc","12":"first","13":"onbackorder","14":"taxable","15":"shipping-taxable","16":"purchasable","17":"product-type-simple"},"ct_brands":[{"id":27,"name":"Energy Saver","slug":"energy-saver"}],"_links":{"self":[{"href":"https:\/\/energysaver.com.ar\/home\/wp-json\/wp\/v2\/product\/143","targetHints":{"allow":["GET"]}}],"collection":[{"href":"https:\/\/energysaver.com.ar\/home\/wp-json\/wp\/v2\/product"}],"about":[{"href":"https:\/\/energysaver.com.ar\/home\/wp-json\/wp\/v2\/types\/product"}],"wp:attachment":[{"href":"https:\/\/energysaver.com.ar\/home\/wp-json\/wp\/v2\/media?parent=143"}],"wp:term":[{"taxonomy":"product_brand","embeddable":true,"href":"https:\/\/energysaver.com.ar\/home\/wp-json\/wp\/v2\/product_brand?post=143"},{"taxonomy":"product_cat","embeddable":true,"href":"https:\/\/energysaver.com.ar\/home\/wp-json\/wp\/v2\/product_cat?post=143"},{"taxonomy":"product_tag","embeddable":true,"href":"https:\/\/energysaver.com.ar\/home\/wp-json\/wp\/v2\/product_tag?post=143"},{"taxonomy":"familia","embeddable":true,"href":"https:\/\/energysaver.com.ar\/home\/wp-json\/wp\/v2\/familia?post=143"},{"taxonomy":"combinaciones_multiples","embeddable":true,"href":"https:\/\/energysaver.com.ar\/home\/wp-json\/wp\/v2\/combinaciones_multiples?post=143"}],"curies":[{"name":"wp","href":"https:\/\/api.w.org\/{rel}","templated":true}]}}