{"id":142,"date":"2026-02-10T19:40:34","date_gmt":"2026-02-10T22:40:34","guid":{"rendered":"https:\/\/energysaver.com.ar\/home\/?post_type=product&#038;p=142"},"modified":"2026-03-23T16:52:01","modified_gmt":"2026-03-23T19:52:01","slug":"fso100hc-42","status":"publish","type":"product","link":"https:\/\/energysaver.com.ar\/home\/shop\/fso100hc-42\/","title":{"rendered":"Fuente Switching 42V 2,4A 100W Industrial Sin Gabinete"},"content":{"rendered":"<p>Fuente switching Energy Saver FSO100HC-42, con salida de 42V 2,4A 100W, desarrollada para integraci\u00f3n en equipos, automatizaci\u00f3n, instrumentaci\u00f3n, bancos de ensayo, tableros y desarrollos especiales. Como parte de nuestra l\u00ednea de fabricaci\u00f3n propia, esta fuente de alimentaci\u00f3n conmutada industrial de alta gama est\u00e1 pensada para servicio continuo y alta exigencia operativa.<\/p>\n<p>El modelo FSO100HC 42 se entrega sin gabinete, lo que facilita su integraci\u00f3n dentro de equipos, tableros, bancos de ensayo y montajes especiales. Su construcci\u00f3n est\u00e1 orientada a operar en forma continua 24\/7 a la m\u00e1xima potencia especificada, ofreciendo larga duraci\u00f3n, buena vida \u00fatil y un desempe\u00f1o confiable en aplicaciones t\u00e9cnicas e industriales.<\/p>\n","protected":false},"excerpt":{"rendered":"<p>Fuente Switching 42V 2,4A 100W Industrial Sin Gabinete<\/p>\n","protected":false},"featured_media":0,"template":"","meta":[],"product_brand":[27],"product_cat":[38,17,21],"product_tag":[],"familia":[428],"combinaciones_multiples":[],"class_list":{"0":"post-142","1":"product","2":"type-product","3":"status-publish","5":"product_brand-energy-saver","6":"product_cat-fuentes-42v","7":"product_cat-fuentes-switching-ac-dc","8":"product_cat-tension-de-salida","9":"product_shipping_class-correo-argentino","10":"familia-fso100hc","12":"first","13":"onbackorder","14":"taxable","15":"shipping-taxable","16":"purchasable","17":"product-type-simple"},"ct_brands":[{"id":27,"name":"Energy Saver","slug":"energy-saver"}],"_links":{"self":[{"href":"https:\/\/energysaver.com.ar\/home\/wp-json\/wp\/v2\/product\/142","targetHints":{"allow":["GET"]}}],"collection":[{"href":"https:\/\/energysaver.com.ar\/home\/wp-json\/wp\/v2\/product"}],"about":[{"href":"https:\/\/energysaver.com.ar\/home\/wp-json\/wp\/v2\/types\/product"}],"wp:attachment":[{"href":"https:\/\/energysaver.com.ar\/home\/wp-json\/wp\/v2\/media?parent=142"}],"wp:term":[{"taxonomy":"product_brand","embeddable":true,"href":"https:\/\/energysaver.com.ar\/home\/wp-json\/wp\/v2\/product_brand?post=142"},{"taxonomy":"product_cat","embeddable":true,"href":"https:\/\/energysaver.com.ar\/home\/wp-json\/wp\/v2\/product_cat?post=142"},{"taxonomy":"product_tag","embeddable":true,"href":"https:\/\/energysaver.com.ar\/home\/wp-json\/wp\/v2\/product_tag?post=142"},{"taxonomy":"familia","embeddable":true,"href":"https:\/\/energysaver.com.ar\/home\/wp-json\/wp\/v2\/familia?post=142"},{"taxonomy":"combinaciones_multiples","embeddable":true,"href":"https:\/\/energysaver.com.ar\/home\/wp-json\/wp\/v2\/combinaciones_multiples?post=142"}],"curies":[{"name":"wp","href":"https:\/\/api.w.org\/{rel}","templated":true}]}}