{"id":126,"date":"2026-02-10T19:40:23","date_gmt":"2026-02-10T22:40:23","guid":{"rendered":"https:\/\/energysaver.com.ar\/home\/?post_type=product&#038;p=126"},"modified":"2026-03-23T16:51:58","modified_gmt":"2026-03-23T19:51:58","slug":"fso75hx-15","status":"publish","type":"product","link":"https:\/\/energysaver.com.ar\/home\/shop\/fso75hx-15\/","title":{"rendered":"Fuente Switching 15V 5A 75W Industrial Sin Gabinete"},"content":{"rendered":"<p>La fuente switching Energy Saver FSO75HX-15, con salida de 15V 5A 75W, ha sido desarrollada para integraci\u00f3n en equipos, automatizaci\u00f3n, instrumentaci\u00f3n, bancos de ensayo, tableros y desarrollos especiales. Se trata de una fuente de alimentaci\u00f3n conmutada de fabricaci\u00f3n propia, perteneciente a nuestra l\u00ednea industrial de alta gama, dise\u00f1ada para alta exigencia operativa y uso permanente.<\/p>\n<p>El modelo FSO75HX 15 se entrega sin gabinete, lo que facilita su integraci\u00f3n dentro de equipos, tableros, bancos de ensayo y montajes especiales. Su construcci\u00f3n est\u00e1 orientada a operar en forma continua 24\/7 a la m\u00e1xima potencia especificada, ofreciendo larga duraci\u00f3n, buena vida \u00fatil y un desempe\u00f1o confiable en aplicaciones t\u00e9cnicas e industriales.<\/p>\n","protected":false},"excerpt":{"rendered":"<p>Fuente Switching 15V 5A 75W Industrial Sin Gabinete<\/p>\n","protected":false},"featured_media":778,"template":"","meta":[],"product_brand":[27],"product_cat":[30,17,21],"product_tag":[],"familia":[427],"combinaciones_multiples":[],"class_list":{"0":"post-126","1":"product","2":"type-product","3":"status-publish","4":"has-post-thumbnail","6":"product_brand-energy-saver","7":"product_cat-fuentes-15v","8":"product_cat-fuentes-switching-ac-dc","9":"product_cat-tension-de-salida","10":"product_shipping_class-correo-argentino","11":"familia-fso75hx","13":"first","14":"onbackorder","15":"taxable","16":"shipping-taxable","17":"purchasable","18":"product-type-simple"},"ct_brands":[{"id":27,"name":"Energy Saver","slug":"energy-saver"}],"_links":{"self":[{"href":"https:\/\/energysaver.com.ar\/home\/wp-json\/wp\/v2\/product\/126","targetHints":{"allow":["GET"]}}],"collection":[{"href":"https:\/\/energysaver.com.ar\/home\/wp-json\/wp\/v2\/product"}],"about":[{"href":"https:\/\/energysaver.com.ar\/home\/wp-json\/wp\/v2\/types\/product"}],"wp:featuredmedia":[{"embeddable":true,"href":"https:\/\/energysaver.com.ar\/home\/wp-json\/wp\/v2\/media\/778"}],"wp:attachment":[{"href":"https:\/\/energysaver.com.ar\/home\/wp-json\/wp\/v2\/media?parent=126"}],"wp:term":[{"taxonomy":"product_brand","embeddable":true,"href":"https:\/\/energysaver.com.ar\/home\/wp-json\/wp\/v2\/product_brand?post=126"},{"taxonomy":"product_cat","embeddable":true,"href":"https:\/\/energysaver.com.ar\/home\/wp-json\/wp\/v2\/product_cat?post=126"},{"taxonomy":"product_tag","embeddable":true,"href":"https:\/\/energysaver.com.ar\/home\/wp-json\/wp\/v2\/product_tag?post=126"},{"taxonomy":"familia","embeddable":true,"href":"https:\/\/energysaver.com.ar\/home\/wp-json\/wp\/v2\/familia?post=126"},{"taxonomy":"combinaciones_multiples","embeddable":true,"href":"https:\/\/energysaver.com.ar\/home\/wp-json\/wp\/v2\/combinaciones_multiples?post=126"}],"curies":[{"name":"wp","href":"https:\/\/api.w.org\/{rel}","templated":true}]}}