{"id":1178,"date":"2026-02-16T20:23:16","date_gmt":"2026-02-16T23:23:16","guid":{"rendered":"https:\/\/energysaver.com.ar\/home\/?post_type=product&#038;p=1178"},"modified":"2026-04-12T13:09:43","modified_gmt":"2026-04-12T16:09:43","slug":"fcm120hx-12-36","status":"publish","type":"product","link":"https:\/\/energysaver.com.ar\/home\/shop\/convertidores-dc-dc\/fcm120hx-12-36\/","title":{"rendered":"Convertidor 12Vcc a 36Vcc 3,3A 120W Gabinete Metalico | FCM120HX-12-36"},"content":{"rendered":"<p>Convertidor DC\/DC Energy Saver FCM120HX-12-36, con entrada 12Vcc salida 36Vcc 3,3A 120W, desarrollado para automatizaci\u00f3n, tableros, equipamiento t\u00e9cnico, bancos de ensayo y aplicaciones industriales de alta exigencia. Como parte de nuestra l\u00ednea de fabricaci\u00f3n propia, este convertidor industrial de alta gama est\u00e1 pensado para alta exigencia operativa y servicio continuo.<\/p>\n<p>El modelo FCM120HX 12 36 se presenta en gabinete met\u00e1lico, una configuraci\u00f3n adecuada para integrar en equipos, montajes t\u00e9cnicos y aplicaciones profesionales donde se requiere conversi\u00f3n DC\/DC estable y confiable. Por su construcci\u00f3n y su concepci\u00f3n para uso continuo, resulta una soluci\u00f3n pr\u00e1ctica para entornos exigentes.<\/p>\n","protected":false},"excerpt":{"rendered":"<p>Convertidor DC-DC de alta gama de 12Vcc a 36Vcc 3,3A 120W, en gabinete met\u00e1lico, de calidad industrial para uso continuo, ideal para tableros, automatizaci\u00f3n, equipamiento t\u00e9cnico y bancos de ensayo.<\/p>\n","protected":false},"featured_media":1126,"template":"","meta":[],"product_brand":[27],"product_cat":[343],"product_tag":[],"familia":[444],"combinaciones_multiples":[],"class_list":{"0":"post-1178","1":"product","2":"type-product","3":"status-publish","4":"has-post-thumbnail","6":"product_brand-energy-saver","7":"product_cat-convertidores-dc-dc","8":"product_shipping_class-correo-argentino","9":"familia-fcm120hx","11":"first","12":"instock","13":"taxable","14":"shipping-taxable","15":"purchasable","16":"product-type-variable"},"ct_brands":[{"id":27,"name":"Energy Saver","slug":"energy-saver"}],"_links":{"self":[{"href":"https:\/\/energysaver.com.ar\/home\/wp-json\/wp\/v2\/product\/1178","targetHints":{"allow":["GET"]}}],"collection":[{"href":"https:\/\/energysaver.com.ar\/home\/wp-json\/wp\/v2\/product"}],"about":[{"href":"https:\/\/energysaver.com.ar\/home\/wp-json\/wp\/v2\/types\/product"}],"wp:featuredmedia":[{"embeddable":true,"href":"https:\/\/energysaver.com.ar\/home\/wp-json\/wp\/v2\/media\/1126"}],"wp:attachment":[{"href":"https:\/\/energysaver.com.ar\/home\/wp-json\/wp\/v2\/media?parent=1178"}],"wp:term":[{"taxonomy":"product_brand","embeddable":true,"href":"https:\/\/energysaver.com.ar\/home\/wp-json\/wp\/v2\/product_brand?post=1178"},{"taxonomy":"product_cat","embeddable":true,"href":"https:\/\/energysaver.com.ar\/home\/wp-json\/wp\/v2\/product_cat?post=1178"},{"taxonomy":"product_tag","embeddable":true,"href":"https:\/\/energysaver.com.ar\/home\/wp-json\/wp\/v2\/product_tag?post=1178"},{"taxonomy":"familia","embeddable":true,"href":"https:\/\/energysaver.com.ar\/home\/wp-json\/wp\/v2\/familia?post=1178"},{"taxonomy":"combinaciones_multiples","embeddable":true,"href":"https:\/\/energysaver.com.ar\/home\/wp-json\/wp\/v2\/combinaciones_multiples?post=1178"}],"curies":[{"name":"wp","href":"https:\/\/api.w.org\/{rel}","templated":true}]}}