{"id":1150,"date":"2026-02-16T20:23:09","date_gmt":"2026-02-16T23:23:09","guid":{"rendered":"https:\/\/energysaver.com.ar\/home\/shop\/convertidor-12vdc-a-138vdc-11a-15w-gabinete-plastico-automotor\/"},"modified":"2026-04-12T13:09:40","modified_gmt":"2026-04-12T16:09:40","slug":"fce20ht-12-14","status":"publish","type":"product","link":"https:\/\/energysaver.com.ar\/home\/shop\/convertidores-dc-dc\/fce20ht-12-14\/","title":{"rendered":"Convertidor 12Vdc a 13,8Vdc 1,1A 15W Gabinete Pl\u00e1stico Automotor | FCE20HT-12-14"},"content":{"rendered":"<p>Convertidor DC\/DC Energy Saver FCE20HT-12-14, con entrada 12Vdc salida 13,8Vdc 1,1A 15W, desarrollado para electr\u00f3nica vehicular, sistemas embarcados, transporte, se\u00f1alizaci\u00f3n y desarrollos especiales. Como parte de nuestra l\u00ednea de fabricaci\u00f3n propia, este convertidor industrial de alta gama est\u00e1 pensado para alta exigencia operativa y servicio continuo.<\/p>\n<p>El modelo FCE20HT 12 14 se presenta en gabinete pl\u00e1stico para uso automotor, una configuraci\u00f3n adecuada para integrar en equipos, montajes t\u00e9cnicos y aplicaciones profesionales donde se requiere conversi\u00f3n DC\/DC estable y confiable. Por su construcci\u00f3n y su concepci\u00f3n para uso continuo, resulta una soluci\u00f3n pr\u00e1ctica para entornos exigentes.<\/p>\n","protected":false},"excerpt":{"rendered":"<p>Convertidor DC-DC de alta gama de 12Vdc a 13,8Vdc 1,1A 15W, en gabinete pl\u00e1stico apto para transporte, de calidad industrial para uso continuo, ideal para desarrollos especiales, sistemas embarcados, electr\u00f3nica vehicular, transporte y se\u00f1alizaci\u00f3n.<\/p>\n","protected":false},"featured_media":1121,"template":"","meta":[],"product_brand":[27],"product_cat":[343],"product_tag":[],"familia":[441],"combinaciones_multiples":[],"class_list":{"0":"post-1150","1":"product","2":"type-product","3":"status-publish","4":"has-post-thumbnail","6":"product_brand-energy-saver","7":"product_cat-convertidores-dc-dc","8":"product_shipping_class-correo-argentino","9":"familia-fce20ht","11":"first","12":"onbackorder","13":"taxable","14":"shipping-taxable","15":"purchasable","16":"product-type-simple"},"ct_brands":[{"id":27,"name":"Energy Saver","slug":"energy-saver"}],"_links":{"self":[{"href":"https:\/\/energysaver.com.ar\/home\/wp-json\/wp\/v2\/product\/1150","targetHints":{"allow":["GET"]}}],"collection":[{"href":"https:\/\/energysaver.com.ar\/home\/wp-json\/wp\/v2\/product"}],"about":[{"href":"https:\/\/energysaver.com.ar\/home\/wp-json\/wp\/v2\/types\/product"}],"wp:featuredmedia":[{"embeddable":true,"href":"https:\/\/energysaver.com.ar\/home\/wp-json\/wp\/v2\/media\/1121"}],"wp:attachment":[{"href":"https:\/\/energysaver.com.ar\/home\/wp-json\/wp\/v2\/media?parent=1150"}],"wp:term":[{"taxonomy":"product_brand","embeddable":true,"href":"https:\/\/energysaver.com.ar\/home\/wp-json\/wp\/v2\/product_brand?post=1150"},{"taxonomy":"product_cat","embeddable":true,"href":"https:\/\/energysaver.com.ar\/home\/wp-json\/wp\/v2\/product_cat?post=1150"},{"taxonomy":"product_tag","embeddable":true,"href":"https:\/\/energysaver.com.ar\/home\/wp-json\/wp\/v2\/product_tag?post=1150"},{"taxonomy":"familia","embeddable":true,"href":"https:\/\/energysaver.com.ar\/home\/wp-json\/wp\/v2\/familia?post=1150"},{"taxonomy":"combinaciones_multiples","embeddable":true,"href":"https:\/\/energysaver.com.ar\/home\/wp-json\/wp\/v2\/combinaciones_multiples?post=1150"}],"curies":[{"name":"wp","href":"https:\/\/api.w.org\/{rel}","templated":true}]}}