{"id":1135,"date":"2026-02-16T17:57:31","date_gmt":"2026-02-16T20:57:31","guid":{"rendered":"https:\/\/energysaver.com.ar\/home\/?post_type=product&#038;p=1135"},"modified":"2026-04-12T13:09:40","modified_gmt":"2026-04-12T16:09:40","slug":"fce50hx-48-24","status":"publish","type":"product","link":"https:\/\/energysaver.com.ar\/home\/shop\/convertidores-dc-dc\/fce50hx-48-24\/","title":{"rendered":"Convertidor 48Vcc a 24Vcc 2,1A 50W Gabinete Plastico Escritorio | FCE50HX-48-24"},"content":{"rendered":"<p>Convertidor DC\/DC Energy Saver FCE50HX-48-24, con entrada 48Vcc salida 24Vcc 2,1A 50W, desarrollado para aplicaciones de escritorio, equipos electr\u00f3nicos, instrumentaci\u00f3n, automatizaci\u00f3n liviana y desarrollos especiales. Como parte de nuestra l\u00ednea de fabricaci\u00f3n propia, este convertidor industrial de alta gama est\u00e1 pensado para alta exigencia operativa y servicio continuo.<\/p>\n<p>El modelo FCE50HX 48 24 se presenta en gabinete pl\u00e1stico de escritorio, una configuraci\u00f3n adecuada para integrar en equipos, montajes t\u00e9cnicos y aplicaciones profesionales donde se requiere conversi\u00f3n DC\/DC estable y confiable. Por su construcci\u00f3n y su concepci\u00f3n para uso continuo, resulta una soluci\u00f3n pr\u00e1ctica para entornos exigentes.<\/p>\n","protected":false},"excerpt":{"rendered":"<p>Convertidor DC-DC de alta gama de 48Vcc a 24Vcc 2,1A 50W, en gabinete pl\u00e1stico de escritorio, de calidad industrial para uso continuo, ideal para automatizaci\u00f3n, instrumentaci\u00f3n, equipos electr\u00f3nicos y desarrollos especiales.<\/p>\n","protected":false},"featured_media":1123,"template":"","meta":[],"product_brand":[27],"product_cat":[343],"product_tag":[],"familia":[442],"combinaciones_multiples":[],"class_list":{"0":"post-1135","1":"product","2":"type-product","3":"status-publish","4":"has-post-thumbnail","6":"product_brand-energy-saver","7":"product_cat-convertidores-dc-dc","8":"product_shipping_class-correo-argentino","9":"familia-fce50hx","11":"first","12":"onbackorder","13":"taxable","14":"shipping-taxable","15":"purchasable","16":"product-type-simple"},"ct_brands":[{"id":27,"name":"Energy Saver","slug":"energy-saver"}],"_links":{"self":[{"href":"https:\/\/energysaver.com.ar\/home\/wp-json\/wp\/v2\/product\/1135","targetHints":{"allow":["GET"]}}],"collection":[{"href":"https:\/\/energysaver.com.ar\/home\/wp-json\/wp\/v2\/product"}],"about":[{"href":"https:\/\/energysaver.com.ar\/home\/wp-json\/wp\/v2\/types\/product"}],"wp:featuredmedia":[{"embeddable":true,"href":"https:\/\/energysaver.com.ar\/home\/wp-json\/wp\/v2\/media\/1123"}],"wp:attachment":[{"href":"https:\/\/energysaver.com.ar\/home\/wp-json\/wp\/v2\/media?parent=1135"}],"wp:term":[{"taxonomy":"product_brand","embeddable":true,"href":"https:\/\/energysaver.com.ar\/home\/wp-json\/wp\/v2\/product_brand?post=1135"},{"taxonomy":"product_cat","embeddable":true,"href":"https:\/\/energysaver.com.ar\/home\/wp-json\/wp\/v2\/product_cat?post=1135"},{"taxonomy":"product_tag","embeddable":true,"href":"https:\/\/energysaver.com.ar\/home\/wp-json\/wp\/v2\/product_tag?post=1135"},{"taxonomy":"familia","embeddable":true,"href":"https:\/\/energysaver.com.ar\/home\/wp-json\/wp\/v2\/familia?post=1135"},{"taxonomy":"combinaciones_multiples","embeddable":true,"href":"https:\/\/energysaver.com.ar\/home\/wp-json\/wp\/v2\/combinaciones_multiples?post=1135"}],"curies":[{"name":"wp","href":"https:\/\/api.w.org\/{rel}","templated":true}]}}