{"id":596,"date":"2026-02-12T12:54:18","date_gmt":"2026-02-12T15:54:18","guid":{"rendered":"https:\/\/energysaver.com.ar\/home\/?page_id=596"},"modified":"2026-02-26T12:30:29","modified_gmt":"2026-02-26T15:30:29","slug":"nosotros","status":"publish","type":"page","link":"https:\/\/energysaver.com.ar\/home\/nosotros\/","title":{"rendered":"Nosotros"},"content":{"rendered":"\t\t<div data-elementor-type=\"wp-page\" data-elementor-id=\"596\" class=\"elementor elementor-596\">\n\t\t\t\t<div class=\"elementor-element elementor-element-1641acd6 e-flex e-con-boxed e-con e-parent\" data-id=\"1641acd6\" data-element_type=\"container\" data-e-type=\"container\">\n\t\t\t\t\t<div class=\"e-con-inner\">\n\t\t<article class=\"elementor-element elementor-element-6d9603d4 e-con-full e-flex e-con e-child\" data-id=\"6d9603d4\" data-element_type=\"container\" data-e-type=\"container\">\n\t\t\t\t<div class=\"elementor-element elementor-element-5eb4f43 elementor-widget elementor-widget-image\" data-id=\"5eb4f43\" data-element_type=\"widget\" data-e-type=\"widget\" data-widget_type=\"image.default\">\n\t\t\t\t\t\t\t\t\t\t\t\t\t\t\t<img fetchpriority=\"high\" decoding=\"async\" width=\"879\" height=\"120\" src=\"https:\/\/energysaver.com.ar\/home\/wp-content\/uploads\/2026\/02\/Logo-Energy-Saver-HD.png\" class=\"attachment-large size-large wp-image-586\" alt=\"Energy Saver S.A.\" srcset=\"https:\/\/energysaver.com.ar\/home\/wp-content\/uploads\/2026\/02\/Logo-Energy-Saver-HD.png 879w, https:\/\/energysaver.com.ar\/home\/wp-content\/uploads\/2026\/02\/Logo-Energy-Saver-HD-300x41.png 300w, https:\/\/energysaver.com.ar\/home\/wp-content\/uploads\/2026\/02\/Logo-Energy-Saver-HD-768x105.png 768w, https:\/\/energysaver.com.ar\/home\/wp-content\/uploads\/2026\/02\/Logo-Energy-Saver-HD-500x68.png 500w, https:\/\/energysaver.com.ar\/home\/wp-content\/uploads\/2026\/02\/Logo-Energy-Saver-HD-800x109.png 800w\" sizes=\"(max-width: 879px) 100vw, 879px\" \/>\t\t\t\t\t\t\t\t\t\t\t\t\t\t\t<\/div>\n\t\t\t\t<\/article>\n\t\t\t\t\t<\/div>\n\t\t\t\t<\/div>\n\t\t<div class=\"elementor-element elementor-element-3350c897 e-flex e-con-boxed e-con e-parent\" data-id=\"3350c897\" data-element_type=\"container\" data-e-type=\"container\">\n\t\t\t\t\t<div class=\"e-con-inner\">\n\t\t<article class=\"elementor-element elementor-element-1cb332ed e-con-full e-flex e-con e-child\" data-id=\"1cb332ed\" data-element_type=\"container\" data-e-type=\"container\">\n\t\t\t\t<div class=\"elementor-element elementor-element-28c378c9 elementor-widget elementor-widget-text-editor\" data-id=\"28c378c9\" data-element_type=\"widget\" data-e-type=\"widget\" data-widget_type=\"text-editor.default\">\n\t\t\t\t\t\t\t\t\t<p>Energy Saver SA es una empresa argentina, \u00fanica en Sudam\u00e9rica, con m\u00e1s de 30 a\u00f1os de experiencia brindando soluciones en eficiencia y ahorro energ\u00e9ticos.<\/p>\t\t\t\t\t\t\t\t<\/div>\n\t\t\t\t<div class=\"elementor-element elementor-element-1d6f82ce elementor-widget elementor-widget-text-editor\" data-id=\"1d6f82ce\" data-element_type=\"widget\" data-e-type=\"widget\" data-widget_type=\"text-editor.default\">\n\t\t\t\t\t\t\t\t\t<p><span style=\"font-style: inherit; font-weight: inherit;\">Gracias a la constante inversi\u00f3n de recursos en investigaci\u00f3n y desarrollo, y a la integraci\u00f3n de la gesti\u00f3n ambiental a nuestros procesos productivos, nos posicionamos como empresa l\u00edder en el rubro a nivel nacional. Asimismo, nos encontramos a la vanguardia permanente, ofreciendo innovaci\u00f3n constante y dise\u00f1os con tecnolog\u00eda de punta.<\/span><\/p><p>Como resultado, brindamos<span style=\"font-style: inherit; font-weight: inherit;\">\u00a0productos y servicios de excelente calidad, que cumplen con las normativas vigentes y se inscriben en un marco de est\u00e1ndares internacionales.\u00a0<\/span><\/p>\t\t\t\t\t\t\t\t<\/div>\n\t\t\t\t<\/article>\n\t\t\t\t\t<\/div>\n\t\t\t\t<\/div>\n\t\t<div class=\"elementor-element elementor-element-17dfecfe e-flex e-con-boxed e-con e-parent\" data-id=\"17dfecfe\" data-element_type=\"container\" data-e-type=\"container\">\n\t\t\t\t\t<div class=\"e-con-inner\">\n\t\t<div class=\"elementor-element elementor-element-2b0a7f5f e-con-full e-flex e-con e-child\" data-id=\"2b0a7f5f\" data-element_type=\"container\" data-e-type=\"container\" data-settings=\"{&quot;background_background&quot;:&quot;classic&quot;}\">\n\t\t<div class=\"elementor-element elementor-element-32da33f2 e-flex e-con-boxed e-con e-child\" data-id=\"32da33f2\" data-element_type=\"container\" data-e-type=\"container\">\n\t\t\t\t\t<div class=\"e-con-inner\">\n\t\t\t\t<div class=\"elementor-element elementor-element-7a0dd75 elementor-widget elementor-widget-image\" data-id=\"7a0dd75\" data-element_type=\"widget\" data-e-type=\"widget\" data-widget_type=\"image.default\">\n\t\t\t\t\t\t\t\t\t\t\t\t\t\t\t\t<a href=\"https:\/\/www.certipedia.com\/certificates\/01+10006+1629919?locale=es\" target=\"_blank\" rel=\"nofollow noopener\">\n\t\t\t\t\t\t\t<img decoding=\"async\" width=\"283\" height=\"143\" src=\"https:\/\/energysaver.com.ar\/home\/wp-content\/uploads\/2026\/02\/Logo-ISO-9001.jpg\" class=\"attachment-medium_large size-medium_large wp-image-633\" alt=\"Logo ISO 9001\" \/>\t\t\t\t\t\t\t\t<\/a>\n\t\t\t\t\t\t\t\t\t\t\t\t\t\t\t<\/div>\n\t\t\t\t\t<\/div>\n\t\t\t\t<\/div>\n\t\t\t\t<\/div>\n\t\t<div class=\"elementor-element elementor-element-497ba8ac e-con-full e-flex e-con e-child\" data-id=\"497ba8ac\" data-element_type=\"container\" data-e-type=\"container\">\n\t\t\t\t<div class=\"elementor-element elementor-element-29a95836 elementor-widget elementor-widget-text-editor\" data-id=\"29a95836\" data-element_type=\"widget\" data-e-type=\"widget\" data-widget_type=\"text-editor.default\">\n\t\t\t\t\t\t\t\t\t<p>Actualmente, en Energy Saver estamos orgullosos de haber implementado la norma ISO 9001:2015. Gracias a este est\u00e1ndar, podemos direccionar el modo en que\u00a0nuestra empresa dise\u00f1a, fabrica, distribuye y lleva a cabo la disposici\u00f3n final\u00a0de productos y servicios.\u00a0<\/p><p>De este modo, protegemos los requerimientos de nuestros clientes y cumplimos los requisitos de las normas y leyes vigentes. Asimismo, optimizamos el desempe\u00f1o\u00a0ambiental, contribuyendo de esta forma al desarrollo y crecimiento sustentable.<\/p>\t\t\t\t\t\t\t\t<\/div>\n\t\t\t\t<\/div>\n\t\t\t\t\t<\/div>\n\t\t\t\t<\/div>\n\t\t\t\t<\/div>\n\t\t","protected":false},"excerpt":{"rendered":"<p>Energy Saver SA es una empresa argentina, \u00fanica en Sudam\u00e9rica, con m\u00e1s de 30 a\u00f1os de experiencia brindando soluciones en eficiencia y ahorro energ\u00e9ticos. Gracias a la constante inversi\u00f3n de recursos en investigaci\u00f3n y desarrollo, y a la integraci\u00f3n de la gesti\u00f3n ambiental a nuestros procesos productivos, nos posicionamos como empresa l\u00edder en el rubro [&hellip;]<\/p>\n","protected":false},"author":1,"featured_media":0,"parent":0,"menu_order":0,"comment_status":"closed","ping_status":"closed","template":"","meta":{"footnotes":""},"class_list":["post-596","page","type-page","status-publish","hentry"],"blocksy_meta":[],"_links":{"self":[{"href":"https:\/\/energysaver.com.ar\/home\/wp-json\/wp\/v2\/pages\/596","targetHints":{"allow":["GET"]}}],"collection":[{"href":"https:\/\/energysaver.com.ar\/home\/wp-json\/wp\/v2\/pages"}],"about":[{"href":"https:\/\/energysaver.com.ar\/home\/wp-json\/wp\/v2\/types\/page"}],"author":[{"embeddable":true,"href":"https:\/\/energysaver.com.ar\/home\/wp-json\/wp\/v2\/users\/1"}],"replies":[{"embeddable":true,"href":"https:\/\/energysaver.com.ar\/home\/wp-json\/wp\/v2\/comments?post=596"}],"version-history":[{"count":0,"href":"https:\/\/energysaver.com.ar\/home\/wp-json\/wp\/v2\/pages\/596\/revisions"}],"wp:attachment":[{"href":"https:\/\/energysaver.com.ar\/home\/wp-json\/wp\/v2\/media?parent=596"}],"curies":[{"name":"wp","href":"https:\/\/api.w.org\/{rel}","templated":true}]}}