{"id":480,"date":"2026-02-11T15:50:22","date_gmt":"2026-02-11T18:50:22","guid":{"rendered":"https:\/\/energysaver.com.ar\/home\/?page_id=480"},"modified":"2026-04-24T17:14:54","modified_gmt":"2026-04-24T20:14:54","slug":"inicio","status":"publish","type":"page","link":"https:\/\/energysaver.com.ar\/home\/","title":{"rendered":"Inicio"},"content":{"rendered":"\t\t<div data-elementor-type=\"wp-page\" data-elementor-id=\"480\" class=\"elementor elementor-480\">\n\t\t\t\t<div class=\"elementor-element elementor-element-63d338b2 e-con-full e-flex e-con e-parent\" data-id=\"63d338b2\" data-element_type=\"container\" data-e-type=\"container\" data-settings=\"{&quot;background_background&quot;:&quot;classic&quot;}\">\n\t\t<div class=\"elementor-element elementor-element-74d7e9d0 e-flex e-con-boxed e-con e-child\" data-id=\"74d7e9d0\" data-element_type=\"container\" data-e-type=\"container\" data-settings=\"{&quot;background_background&quot;:&quot;classic&quot;}\">\n\t\t\t\t\t<div class=\"e-con-inner\">\n\t\t<div class=\"elementor-element elementor-element-5ed90725 e-con-full e-flex e-con e-child\" data-id=\"5ed90725\" data-element_type=\"container\" data-e-type=\"container\">\n\t\t\t\t<div class=\"elementor-element elementor-element-1ca385f elementor-widget elementor-widget-heading\" data-id=\"1ca385f\" data-element_type=\"widget\" data-e-type=\"widget\" data-widget_type=\"heading.default\">\n\t\t\t\t\t<h2 class=\"elementor-heading-title elementor-size-default\">Productos de alta gama. Soluciones de eficiencia.<\/h2>\t\t\t\t<\/div>\n\t\t\t\t<div class=\"elementor-element elementor-element-726dff53 elementor-widget__width-initial elementor-widget elementor-widget-text-editor\" data-id=\"726dff53\" data-element_type=\"widget\" data-e-type=\"widget\" data-widget_type=\"text-editor.default\">\n\t\t\t\t\t\t\t\t\t<p>Desde hace m\u00e1s de 30 a\u00f1os brindamos productos de alta gama y soluciones de eficiencia energ\u00e9tica para aplicaciones industriales exigentes.<\/p>\t\t\t\t\t\t\t\t<\/div>\n\t\t<div class=\"elementor-element elementor-element-30b9a3e3 e-con-full e-flex e-con e-child\" data-id=\"30b9a3e3\" data-element_type=\"container\" data-e-type=\"container\">\n\t\t\t\t<div class=\"elementor-element elementor-element-def9f71 ct-button-icon elementor-widget elementor-widget-button\" data-id=\"def9f71\" data-element_type=\"widget\" data-e-type=\"widget\" data-widget_type=\"button.default\">\n\t\t\t\t\t\t\t\t\t\t<a class=\"elementor-button elementor-button-link elementor-size-sm\" href=\"https:\/\/energysaver.com.ar\/home\/shop\/\">\n\t\t\t\t\t\t<span class=\"elementor-button-content-wrapper\">\n\t\t\t\t\t\t<span class=\"elementor-button-icon\">\n\t\t\t\t\t\t\t<\/span>\n\t\t\t\t\t\t\t\t\t<span class=\"elementor-button-text\">Explorar Productos<\/span>\n\t\t\t\t\t<\/span>\n\t\t\t\t\t<\/a>\n\t\t\t\t\t\t\t\t<\/div>\n\t\t\t\t<\/div>\n\t\t\t\t<\/div>\n\t\t\t\t\t<\/div>\n\t\t\t\t<\/div>\n\t\t\t\t<\/div>\n\t\t<div class=\"elementor-element elementor-element-4a62506 e-flex e-con-boxed e-con e-parent\" data-id=\"4a62506\" data-element_type=\"container\" data-e-type=\"container\">\n\t\t\t\t\t<div class=\"e-con-inner\">\n\t\t\t\t<div class=\"elementor-element elementor-element-66eec7d6 elementor-widget__width-initial elementor-widget elementor-widget-heading\" data-id=\"66eec7d6\" data-element_type=\"widget\" data-e-type=\"widget\" data-widget_type=\"heading.default\">\n\t\t\t\t\t<h4 class=\"elementor-heading-title elementor-size-default\">Productos de alta gama para aplicaciones industriales exigentes<\/h4>\t\t\t\t<\/div>\n\t\t\t\t<div class=\"elementor-element elementor-element-eb9f2bf elementor-widget__width-initial elementor-widget elementor-widget-heading\" data-id=\"eb9f2bf\" data-element_type=\"widget\" data-e-type=\"widget\" data-widget_type=\"heading.default\">\n\t\t\t\t\t<h6 class=\"elementor-heading-title elementor-size-default\">Dise\u00f1amos, fabricamos e importamos equipos confiables, con soporte t\u00e9cnico local, foco en eficiencia y est\u00e1ndares de calidad certificados.<\/h6>\t\t\t\t<\/div>\n\t\t\t\t\t<\/div>\n\t\t\t\t<\/div>\n\t\t<div class=\"elementor-element elementor-element-08bdea5 e-flex e-con-boxed e-con e-parent\" data-id=\"08bdea5\" data-element_type=\"container\" data-e-type=\"container\">\n\t\t\t\t\t<div class=\"e-con-inner\">\n\t\t<div class=\"elementor-element elementor-element-e668b02 e-con-full e-flex e-con e-child\" data-id=\"e668b02\" data-element_type=\"container\" data-e-type=\"container\">\n\t\t<a class=\"elementor-element elementor-element-8962a14 e-con-full ct-imagebox-small e-flex e-con e-child\" data-id=\"8962a14\" data-element_type=\"container\" data-e-type=\"container\" data-settings=\"{&quot;background_background&quot;:&quot;classic&quot;}\" href=\"https:\/\/energysaver.com.ar\/home\/shop\/categoria\/convertidores-dc-dc\/\">\n\t\t\t\t<div class=\"elementor-element elementor-element-8d0d9c1 elementor-widget elementor-widget-heading\" data-id=\"8d0d9c1\" data-element_type=\"widget\" data-e-type=\"widget\" data-widget_type=\"heading.default\">\n\t\t\t\t\t<h5 class=\"elementor-heading-title elementor-size-default\">Convertidores Dc-Dc<\/h5>\t\t\t\t<\/div>\n\t\t\t\t<\/a>\n\t\t<a class=\"elementor-element elementor-element-cc33e99 e-con-full ct-imagebox-small e-flex e-con e-child\" data-id=\"cc33e99\" data-element_type=\"container\" data-e-type=\"container\" data-settings=\"{&quot;background_background&quot;:&quot;classic&quot;}\" href=\"https:\/\/energysaver.com.ar\/home\/shop\/categoria\/drivers-led\/\">\n\t\t\t\t<div class=\"elementor-element elementor-element-66e4fd6 elementor-widget elementor-widget-heading\" data-id=\"66e4fd6\" data-element_type=\"widget\" data-e-type=\"widget\" data-widget_type=\"heading.default\">\n\t\t\t\t\t<h5 class=\"elementor-heading-title elementor-size-default\">Fuentes de Corriente y Drivers Led<\/h5>\t\t\t\t<\/div>\n\t\t\t\t<\/a>\n\t\t\t\t<\/div>\n\t\t<a class=\"elementor-element elementor-element-c249efb e-con-full ct-imagebox-large e-flex e-con e-child\" data-id=\"c249efb\" data-element_type=\"container\" data-e-type=\"container\" data-settings=\"{&quot;background_background&quot;:&quot;classic&quot;}\" href=\"https:\/\/energysaver.com.ar\/home\/shop\/categoria\/fuentes-switching-ac-dc\/\">\n\t\t\t\t<div class=\"elementor-element elementor-element-23b36c2 elementor-widget elementor-widget-heading\" data-id=\"23b36c2\" data-element_type=\"widget\" data-e-type=\"widget\" data-widget_type=\"heading.default\">\n\t\t\t\t\t<h5 class=\"elementor-heading-title elementor-size-default\">Fuentes de Switching<\/h5>\t\t\t\t<\/div>\n\t\t\t\t<\/a>\n\t\t<div class=\"elementor-element elementor-element-a5b1229 e-con-full e-flex e-con e-child\" data-id=\"a5b1229\" data-element_type=\"container\" data-e-type=\"container\">\n\t\t<a class=\"elementor-element elementor-element-0b9918b e-con-full ct-imagebox-small e-flex e-con e-child\" data-id=\"0b9918b\" data-element_type=\"container\" data-e-type=\"container\" data-settings=\"{&quot;background_background&quot;:&quot;classic&quot;}\" href=\"https:\/\/energysaver.com.ar\/home\/shop\/categoria\/fuentes-switching-ac-dc\/fuentes-de-multiples-salidas\/\">\n\t\t\t\t<div class=\"elementor-element elementor-element-7b7f518 elementor-widget elementor-widget-heading\" data-id=\"7b7f518\" data-element_type=\"widget\" data-e-type=\"widget\" data-widget_type=\"heading.default\">\n\t\t\t\t\t<h5 class=\"elementor-heading-title elementor-size-default\">Fuentes M\u00faltiples<\/h5>\t\t\t\t<\/div>\n\t\t\t\t<\/a>\n\t\t<a class=\"elementor-element elementor-element-cdc1fcd e-con-full ct-imagebox-small e-flex e-con e-child\" data-id=\"cdc1fcd\" data-element_type=\"container\" data-e-type=\"container\" data-settings=\"{&quot;background_background&quot;:&quot;classic&quot;}\" href=\"https:\/\/energysaver.com.ar\/home\/shop\/categoria\/fuentes-switching-ac-dc\/filtros\/wa\/t\/product_brand:387\/\">\n\t\t\t\t<div class=\"elementor-element elementor-element-65840b4 elementor-widget elementor-widget-heading\" data-id=\"65840b4\" data-element_type=\"widget\" data-e-type=\"widget\" data-widget_type=\"heading.default\">\n\t\t\t\t\t<h5 class=\"elementor-heading-title elementor-size-default\">Fuentes  Mean Well<\/h5>\t\t\t\t<\/div>\n\t\t\t\t<\/a>\n\t\t\t\t<\/div>\n\t\t\t\t\t<\/div>\n\t\t\t\t<\/div>\n\t\t<div class=\"elementor-element elementor-element-5aa7b4fe e-flex e-con-boxed e-con e-parent\" data-id=\"5aa7b4fe\" data-element_type=\"container\" data-e-type=\"container\" data-settings=\"{&quot;background_background&quot;:&quot;classic&quot;}\">\n\t\t\t\t\t<div class=\"e-con-inner\">\n\t\t<div class=\"elementor-element elementor-element-3642fff4 e-con-full e-grid e-con e-child\" data-id=\"3642fff4\" data-element_type=\"container\" data-e-type=\"container\">\n\t\t<div class=\"elementor-element elementor-element-1b8fef8e e-con-full e-flex e-con e-child\" data-id=\"1b8fef8e\" data-element_type=\"container\" data-e-type=\"container\" data-settings=\"{&quot;background_background&quot;:&quot;classic&quot;}\">\n\t\t\t\t<\/div>\n\t\t\t\t<div class=\"elementor-element elementor-element-27ef75d elementor-widget elementor-widget-image\" data-id=\"27ef75d\" data-element_type=\"widget\" data-e-type=\"widget\" data-widget_type=\"image.default\">\n\t\t\t\t\t\t\t\t\t\t\t\t\t\t\t<img decoding=\"async\" width=\"283\" height=\"143\" src=\"https:\/\/energysaver.com.ar\/home\/wp-content\/uploads\/2026\/02\/Logo-ISO-9001.jpg\" class=\"attachment-large size-large wp-image-633\" alt=\"Logo ISO 9001\" \/>\t\t\t\t\t\t\t\t\t\t\t\t\t\t\t<\/div>\n\t\t\t\t<\/div>\n\t\t<div class=\"elementor-element elementor-element-2322f151 e-con-full e-flex e-con e-child\" data-id=\"2322f151\" data-element_type=\"container\" data-e-type=\"container\">\n\t\t\t\t<div class=\"elementor-element elementor-element-2a9e80e3 elementor-widget elementor-widget-heading\" data-id=\"2a9e80e3\" data-element_type=\"widget\" data-e-type=\"widget\" data-widget_type=\"heading.default\">\n\t\t\t\t\t<h2 class=\"elementor-heading-title elementor-size-default\">Productos industriales con procesos certificados<\/h2>\t\t\t\t<\/div>\n\t\t\t\t<div class=\"elementor-element elementor-element-7af74c7 elementor-widget elementor-widget-heading\" data-id=\"7af74c7\" data-element_type=\"widget\" data-e-type=\"widget\" data-widget_type=\"heading.default\">\n\t\t\t\t\t<h6 class=\"elementor-heading-title elementor-size-default\">M\u00e1s de 30 a\u00f1os de experiencia<\/h6>\t\t\t\t<\/div>\n\t\t\t\t<div class=\"elementor-element elementor-element-74c25e4a elementor-tablet-align-center elementor-icon-list--layout-traditional elementor-list-item-link-full_width elementor-widget elementor-widget-icon-list\" data-id=\"74c25e4a\" data-element_type=\"widget\" data-e-type=\"widget\" data-widget_type=\"icon-list.default\">\n\t\t\t\t\t\t\t<ul class=\"elementor-icon-list-items\">\n\t\t\t\t\t\t\t<li class=\"elementor-icon-list-item\">\n\t\t\t\t\t\t\t\t\t\t\t<span class=\"elementor-icon-list-icon\">\n\t\t\t\t\t\t\t\t\t\t\t\t\t<\/span>\n\t\t\t\t\t\t\t\t\t\t<span class=\"elementor-icon-list-text\">Fabricaci\u00f3n propia<\/span>\n\t\t\t\t\t\t\t\t\t<\/li>\n\t\t\t\t\t\t\t\t<li class=\"elementor-icon-list-item\">\n\t\t\t\t\t\t\t\t\t\t\t<span class=\"elementor-icon-list-icon\">\n\t\t\t\t\t\t\t\t\t\t\t\t\t<\/span>\n\t\t\t\t\t\t\t\t\t\t<span class=\"elementor-icon-list-text\">Certificaci\u00f3n ISO 9001:2015<\/span>\n\t\t\t\t\t\t\t\t\t<\/li>\n\t\t\t\t\t\t\t\t<li class=\"elementor-icon-list-item\">\n\t\t\t\t\t\t\t\t\t\t\t<span class=\"elementor-icon-list-icon\">\n\t\t\t\t\t\t\t\t\t\t\t\t\t<\/span>\n\t\t\t\t\t\t\t\t\t\t<span class=\"elementor-icon-list-text\">Garant\u00eda y soporte t\u00e9cnico local<\/span>\n\t\t\t\t\t\t\t\t\t<\/li>\n\t\t\t\t\t\t<\/ul>\n\t\t\t\t\t\t<\/div>\n\t\t\t\t<div class=\"elementor-element elementor-element-553877ea elementor-widget elementor-widget-text-editor\" data-id=\"553877ea\" data-element_type=\"widget\" data-e-type=\"widget\" data-widget_type=\"text-editor.default\">\n\t\t\t\t\t\t\t\t\t<p>Fabricamos productos de alta gama con foco en confiabilidad, durabilidad y control de calidad. Nuestros procesos de <strong data-start=\"1484\" data-end=\"1499\">fabricaci\u00f3n<\/strong> se gestionan bajo un sistema basado en <strong data-start=\"1539\" data-end=\"1551\">ISO 9001<\/strong>, asegurando consistencia y trazabilidad desde la preparaci\u00f3n y el armado hasta los ensayos finales y la entrega.<\/p>\t\t\t\t\t\t\t\t<\/div>\n\t\t\t\t<div class=\"elementor-element elementor-element-3b4dae9e ct-button-icon elementor-widget elementor-widget-button\" data-id=\"3b4dae9e\" data-element_type=\"widget\" data-e-type=\"widget\" data-widget_type=\"button.default\">\n\t\t\t\t\t\t\t\t\t\t<a class=\"elementor-button elementor-button-link elementor-size-sm\" href=\"https:\/\/energysaver.com.ar\/home\/nosotros\/\">\n\t\t\t\t\t\t<span class=\"elementor-button-content-wrapper\">\n\t\t\t\t\t\t<span class=\"elementor-button-icon\">\n\t\t\t\t\t\t\t<\/span>\n\t\t\t\t\t\t\t\t\t<span class=\"elementor-button-text\">Sobre Nosotros<\/span>\n\t\t\t\t\t<\/span>\n\t\t\t\t\t<\/a>\n\t\t\t\t\t\t\t\t<\/div>\n\t\t\t\t<\/div>\n\t\t\t\t\t<\/div>\n\t\t\t\t<\/div>\n\t\t\t\t<\/div>\n\t\t","protected":false},"excerpt":{"rendered":"<p>Productos de alta gama. Soluciones de eficiencia. Desde hace m\u00e1s de 30 a\u00f1os brindamos productos de alta gama y soluciones de eficiencia energ\u00e9tica para aplicaciones industriales exigentes. Explorar Productos Productos de alta gama para aplicaciones industriales exigentes Dise\u00f1amos, fabricamos e importamos equipos confiables, con soporte t\u00e9cnico local, foco en eficiencia y est\u00e1ndares de calidad certificados. [&hellip;]<\/p>\n","protected":false},"author":1,"featured_media":0,"parent":0,"menu_order":0,"comment_status":"closed","ping_status":"closed","template":"","meta":{"tpgb_global_settings":"","footnotes":""},"class_list":["post-480","page","type-page","status-publish","hentry"],"blocksy_meta":[],"tpgb_featured_images":null,"tpgb_post_meta_info":{"get_date":"11\/02\/2026","get_modified_date":"24\/04\/2026","author_name":"Energy Saver","author_url":"https:\/\/energysaver.com.ar\/home\/author\/es-admin\/","author_email":"ventas@energysaver.com.ar","author_website":"https:\/\/energysaver.com.ar\/home","author_description":"","author_facebook":"","author_twitter":"","author_instagram":"","author_role":["administrator"],"author_firstname":"Energy","author_lastname":"Saver","user_login":"es-admin","comment_count":0,"post_likes":0,"post_views":0},"tpgb_post_category":[],"_links":{"self":[{"href":"https:\/\/energysaver.com.ar\/home\/wp-json\/wp\/v2\/pages\/480","targetHints":{"allow":["GET"]}}],"collection":[{"href":"https:\/\/energysaver.com.ar\/home\/wp-json\/wp\/v2\/pages"}],"about":[{"href":"https:\/\/energysaver.com.ar\/home\/wp-json\/wp\/v2\/types\/page"}],"author":[{"embeddable":true,"href":"https:\/\/energysaver.com.ar\/home\/wp-json\/wp\/v2\/users\/1"}],"replies":[{"embeddable":true,"href":"https:\/\/energysaver.com.ar\/home\/wp-json\/wp\/v2\/comments?post=480"}],"version-history":[{"count":45,"href":"https:\/\/energysaver.com.ar\/home\/wp-json\/wp\/v2\/pages\/480\/revisions"}],"predecessor-version":[{"id":2857,"href":"https:\/\/energysaver.com.ar\/home\/wp-json\/wp\/v2\/pages\/480\/revisions\/2857"}],"wp:attachment":[{"href":"https:\/\/energysaver.com.ar\/home\/wp-json\/wp\/v2\/media?parent=480"}],"curies":[{"name":"wp","href":"https:\/\/api.w.org\/{rel}","templated":true}]}}